{"id":16651,"date":"2021-03-31T10:40:52","date_gmt":"2021-03-31T10:40:52","guid":{"rendered":"https:\/\/adrasource.org\/?page_id=16651"},"modified":"2023-09-29T09:54:53","modified_gmt":"2023-09-29T09:54:53","slug":"register","status":"publish","type":"page","link":"https:\/\/adrasource.org\/sl\/contact\/register","title":{"rendered":"Register"},"content":{"rendered":"<div data-elementor-type=\"wp-page\" data-elementor-id=\"16651\" class=\"elementor elementor-16651\" data-elementor-post-type=\"page\">\n\t\t\t\t\t\t<section data-particle_enable=\"false\" data-particle-mobile-disabled=\"false\" class=\"elementor-section elementor-top-section elementor-element elementor-element-5897cff elementor-section-full_width elementor-section-height-default elementor-section-height-default\" data-id=\"5897cff\" data-element_type=\"section\" data-e-type=\"section\">\n\t\t\t\t\t\t<div class=\"elementor-container elementor-column-gap-default\">\n\t\t\t\t\t<div class=\"elementor-column elementor-col-33 elementor-top-column elementor-element elementor-element-b843502\" data-id=\"b843502\" data-element_type=\"column\" data-e-type=\"column\" data-settings=\"{&quot;background_background&quot;:&quot;classic&quot;}\">\n\t\t\t<div class=\"elementor-widget-wrap\">\n\t\t\t\t\t\t\t<\/div>\n\t\t<\/div>\n\t\t\t\t<div class=\"elementor-column elementor-col-33 elementor-top-column elementor-element elementor-element-1f2c3a0\" data-id=\"1f2c3a0\" data-element_type=\"column\" data-e-type=\"column\" data-settings=\"{&quot;background_background&quot;:&quot;classic&quot;}\">\n\t\t\t<div class=\"elementor-widget-wrap elementor-element-populated\">\n\t\t\t\t\t\t<div class=\"elementor-element elementor-element-e1acc97 elementor-widget elementor-widget-spacer\" data-id=\"e1acc97\" data-element_type=\"widget\" data-e-type=\"widget\" data-widget_type=\"spacer.default\">\n\t\t\t\t<div class=\"elementor-widget-container\">\n\t\t\t\t\t\t\t<div class=\"elementor-spacer\">\n\t\t\t<div class=\"elementor-spacer-inner\"><\/div>\n\t\t<\/div>\n\t\t\t\t\t\t<\/div>\n\t\t\t\t<\/div>\n\t\t\t\t<div class=\"elementor-element elementor-element-68fda7f elementor-widget elementor-widget-heading\" data-id=\"68fda7f\" data-element_type=\"widget\" data-e-type=\"widget\" data-widget_type=\"heading.default\">\n\t\t\t\t<div class=\"elementor-widget-container\">\n\t\t\t\t\t<h2 class=\"elementor-heading-title elementor-size-default\">REGISTER<\/h2>\t\t\t\t<\/div>\n\t\t\t\t<\/div>\n\t\t\t\t<div class=\"elementor-element elementor-element-f6dabb8 elementor-widget elementor-widget-spacer\" data-id=\"f6dabb8\" data-element_type=\"widget\" data-e-type=\"widget\" data-widget_type=\"spacer.default\">\n\t\t\t\t<div class=\"elementor-widget-container\">\n\t\t\t\t\t\t\t<div class=\"elementor-spacer\">\n\t\t\t<div class=\"elementor-spacer-inner\"><\/div>\n\t\t<\/div>\n\t\t\t\t\t\t<\/div>\n\t\t\t\t<\/div>\n\t\t\t\t<div class=\"elementor-element elementor-element-3626975 elementor-widget elementor-widget-text-editor\" data-id=\"3626975\" data-element_type=\"widget\" data-e-type=\"widget\" data-widget_type=\"text-editor.default\">\n\t\t\t\t<div class=\"elementor-widget-container\">\n\t\t\t\t\t\t\t\t\t<p>vklju\u010dite osebje svoje dr\u017eavne pisarne v na\u0161 imenik, Office Manager, da bodo lahko enostavno dostopali do orodij ADRA Source.<\/p>\t\t\t\t\t\t\t\t<\/div>\n\t\t\t\t<\/div>\n\t\t\t\t<div class=\"elementor-element elementor-element-56c0089 elementor-widget elementor-widget-spacer\" data-id=\"56c0089\" data-element_type=\"widget\" data-e-type=\"widget\" data-widget_type=\"spacer.default\">\n\t\t\t\t<div class=\"elementor-widget-container\">\n\t\t\t\t\t\t\t<div class=\"elementor-spacer\">\n\t\t\t<div class=\"elementor-spacer-inner\"><\/div>\n\t\t<\/div>\n\t\t\t\t\t\t<\/div>\n\t\t\t\t<\/div>\n\t\t\t\t<div class=\"elementor-element elementor-element-20f4214 elementor-widget elementor-widget-button\" data-id=\"20f4214\" data-element_type=\"widget\" data-e-type=\"widget\" data-widget_type=\"button.default\">\n\t\t\t\t<div class=\"elementor-widget-container\">\n\t\t\t\t\t\t\t\t\t<div class=\"elementor-button-wrapper\">\n\t\t\t\t\t<a class=\"elementor-button elementor-button-link elementor-size-sm\" href=\"https:\/\/adrasource.org\/wp-content\/uploads\/2023\/06\/User-Registration-Form_ADRA-Source-TEMPLATE.xlsx\">\n\t\t\t\t\t\t<span class=\"elementor-button-content-wrapper\">\n\t\t\t\t\t\t<span class=\"elementor-button-icon\">\n\t\t\t\t<i aria-hidden=\"true\" class=\"fas fa-file-download\"><\/i>\t\t\t<\/span>\n\t\t\t\t\t\t\t\t\t<span class=\"elementor-button-text\">OBRAZEC ZA PRENOS<\/span>\n\t\t\t\t\t<\/span>\n\t\t\t\t\t<\/a>\n\t\t\t\t<\/div>\n\t\t\t\t\t\t\t\t<\/div>\n\t\t\t\t<\/div>\n\t\t\t\t<div class=\"elementor-element elementor-element-67921b4 elementor-widget elementor-widget-spacer\" data-id=\"67921b4\" data-element_type=\"widget\" data-e-type=\"widget\" data-widget_type=\"spacer.default\">\n\t\t\t\t<div class=\"elementor-widget-container\">\n\t\t\t\t\t\t\t<div class=\"elementor-spacer\">\n\t\t\t<div class=\"elementor-spacer-inner\"><\/div>\n\t\t<\/div>\n\t\t\t\t\t\t<\/div>\n\t\t\t\t<\/div>\n\t\t\t\t\t<\/div>\n\t\t<\/div>\n\t\t\t\t<div class=\"elementor-column elementor-col-33 elementor-top-column elementor-element elementor-element-d713c30 elementor-hidden-mobile\" data-id=\"d713c30\" data-element_type=\"column\" data-e-type=\"column\" data-settings=\"{&quot;background_background&quot;:&quot;classic&quot;}\">\n\t\t\t<div class=\"elementor-widget-wrap\">\n\t\t\t\t\t\t\t<\/div>\n\t\t<\/div>\n\t\t\t\t\t<\/div>\n\t\t<\/section>\n\t\t\t\t<section data-particle_enable=\"false\" data-particle-mobile-disabled=\"false\" class=\"elementor-section elementor-top-section elementor-element elementor-element-4834cc1 elementor-section-boxed elementor-section-height-default elementor-section-height-default\" data-id=\"4834cc1\" data-element_type=\"section\" data-e-type=\"section\">\n\t\t\t\t\t\t<div class=\"elementor-container elementor-column-gap-default\">\n\t\t\t\t\t<div class=\"elementor-column elementor-col-50 elementor-top-column elementor-element elementor-element-8718877\" data-id=\"8718877\" data-element_type=\"column\" data-e-type=\"column\">\n\t\t\t<div class=\"elementor-widget-wrap elementor-element-populated\">\n\t\t\t\t\t\t<div class=\"elementor-element elementor-element-c005740 elementor-widget elementor-widget-spacer\" data-id=\"c005740\" data-element_type=\"widget\" data-e-type=\"widget\" data-widget_type=\"spacer.default\">\n\t\t\t\t<div class=\"elementor-widget-container\">\n\t\t\t\t\t\t\t<div class=\"elementor-spacer\">\n\t\t\t<div class=\"elementor-spacer-inner\"><\/div>\n\t\t<\/div>\n\t\t\t\t\t\t<\/div>\n\t\t\t\t<\/div>\n\t\t\t\t<div class=\"elementor-element elementor-element-c27203d elementor-position-inline-start elementor-mobile-position-inline-start elementor-view-default elementor-widget elementor-widget-icon-box\" data-id=\"c27203d\" data-element_type=\"widget\" data-e-type=\"widget\" data-widget_type=\"icon-box.default\">\n\t\t\t\t<div class=\"elementor-widget-container\">\n\t\t\t\t\t\t\t<div class=\"elementor-icon-box-wrapper\">\n\n\t\t\t\t\t\t<div class=\"elementor-icon-box-icon\">\n\t\t\t\t<span  class=\"elementor-icon\">\n\t\t\t\t<i aria-hidden=\"true\" class=\"fas fa-circle\"><\/i>\t\t\t\t<\/span>\n\t\t\t<\/div>\n\t\t\t\n\t\t\t\t\t\t<div class=\"elementor-icon-box-content\">\n\n\t\t\t\t\t\t\t\t\t<h3 class=\"elementor-icon-box-title\">\n\t\t\t\t\t\t<span  >\n\t\t\t\t\t\t\tPrenesite in izpolnite obrazec\t\t\t\t\t\t<\/span>\n\t\t\t\t\t<\/h3>\n\t\t\t\t\n\t\t\t\t\n\t\t\t<\/div>\n\t\t\t\n\t\t<\/div>\n\t\t\t\t\t\t<\/div>\n\t\t\t\t<\/div>\n\t\t\t\t<div class=\"elementor-element elementor-element-dfb6c2d elementor-widget elementor-widget-text-editor\" data-id=\"dfb6c2d\" data-element_type=\"widget\" data-e-type=\"widget\" data-widget_type=\"text-editor.default\">\n\t\t\t\t<div class=\"elementor-widget-container\">\n\t\t\t\t\t\t\t\t\t<p>Prenesite <strong><a href=\"https:\/\/adrasource.org\/wp-content\/uploads\/2023\/06\/User-Registration-Form_ADRA-Source-TEMPLATE.xlsx\">Obrazec za registracijo uporabnika<\/a><\/strong> in ga izpolnite ter navedite podatke o vsakem zaposlenem in orodja, do katerih mora imeti dostop.<\/p>\t\t\t\t\t\t\t\t<\/div>\n\t\t\t\t<\/div>\n\t\t\t\t<div class=\"elementor-element elementor-element-19bb425 elementor-absolute elementor-widget elementor-widget-text-editor\" data-id=\"19bb425\" data-element_type=\"widget\" data-e-type=\"widget\" data-settings=\"{&quot;_position&quot;:&quot;absolute&quot;}\" data-widget_type=\"text-editor.default\">\n\t\t\t\t<div class=\"elementor-widget-container\">\n\t\t\t\t\t\t\t\t\t<p>1<\/p>\t\t\t\t\t\t\t\t<\/div>\n\t\t\t\t<\/div>\n\t\t\t\t\t<\/div>\n\t\t<\/div>\n\t\t\t\t<div class=\"elementor-column elementor-col-50 elementor-top-column elementor-element elementor-element-dcd137d\" data-id=\"dcd137d\" data-element_type=\"column\" data-e-type=\"column\">\n\t\t\t<div class=\"elementor-widget-wrap elementor-element-populated\">\n\t\t\t\t\t\t<div class=\"elementor-element elementor-element-4bffe63 elementor-widget elementor-widget-spacer\" data-id=\"4bffe63\" data-element_type=\"widget\" data-e-type=\"widget\" data-widget_type=\"spacer.default\">\n\t\t\t\t<div class=\"elementor-widget-container\">\n\t\t\t\t\t\t\t<div class=\"elementor-spacer\">\n\t\t\t<div class=\"elementor-spacer-inner\"><\/div>\n\t\t<\/div>\n\t\t\t\t\t\t<\/div>\n\t\t\t\t<\/div>\n\t\t\t\t<div class=\"elementor-element elementor-element-bb22a6f elementor-position-inline-start elementor-mobile-position-inline-start elementor-view-default elementor-widget elementor-widget-icon-box\" data-id=\"bb22a6f\" data-element_type=\"widget\" data-e-type=\"widget\" data-widget_type=\"icon-box.default\">\n\t\t\t\t<div class=\"elementor-widget-container\">\n\t\t\t\t\t\t\t<div class=\"elementor-icon-box-wrapper\">\n\n\t\t\t\t\t\t<div class=\"elementor-icon-box-icon\">\n\t\t\t\t<span  class=\"elementor-icon\">\n\t\t\t\t<i aria-hidden=\"true\" class=\"fas fa-circle\"><\/i>\t\t\t\t<\/span>\n\t\t\t<\/div>\n\t\t\t\n\t\t\t\t\t\t<div class=\"elementor-icon-box-content\">\n\n\t\t\t\t\t\t\t\t\t<h3 class=\"elementor-icon-box-title\">\n\t\t\t\t\t\t<span  >\n\t\t\t\t\t\t\tPo\u0161lji obrazec\t\t\t\t\t\t<\/span>\n\t\t\t\t\t<\/h3>\n\t\t\t\t\n\t\t\t\t\n\t\t\t<\/div>\n\t\t\t\n\t\t<\/div>\n\t\t\t\t\t\t<\/div>\n\t\t\t\t<\/div>\n\t\t\t\t<div class=\"elementor-element elementor-element-e18e1d0 elementor-widget elementor-widget-text-editor\" data-id=\"e18e1d0\" data-element_type=\"widget\" data-e-type=\"widget\" data-widget_type=\"text-editor.default\">\n\t\t\t\t<div class=\"elementor-widget-container\">\n\t\t\t\t\t\t\t\t\t<p>Ko izpolnite obrazec, ga po\u0161ljite po e-po\u0161ti na naslov <strong><a href=\"mailto:support@ADRAsource.org\">support@ADRAsource.org<\/a>.<\/strong> \u010ce bodo potrebni nadaljnji ukrepi, bomo z vami stopili v stik.<\/p>\t\t\t\t\t\t\t\t<\/div>\n\t\t\t\t<\/div>\n\t\t\t\t<div class=\"elementor-element elementor-element-9282c18 elementor-absolute elementor-widget elementor-widget-text-editor\" data-id=\"9282c18\" data-element_type=\"widget\" data-e-type=\"widget\" data-settings=\"{&quot;_position&quot;:&quot;absolute&quot;}\" data-widget_type=\"text-editor.default\">\n\t\t\t\t<div class=\"elementor-widget-container\">\n\t\t\t\t\t\t\t\t\t<p>2<\/p>\t\t\t\t\t\t\t\t<\/div>\n\t\t\t\t<\/div>\n\t\t\t\t\t<\/div>\n\t\t<\/div>\n\t\t\t\t\t<\/div>\n\t\t<\/section>\n\t\t\t\t<section data-particle_enable=\"false\" data-particle-mobile-disabled=\"false\" class=\"elementor-section elementor-top-section elementor-element elementor-element-93d8c05 elementor-section-boxed elementor-section-height-default elementor-section-height-default\" data-id=\"93d8c05\" data-element_type=\"section\" data-e-type=\"section\">\n\t\t\t\t\t\t<div class=\"elementor-container elementor-column-gap-default\">\n\t\t\t\t\t<div class=\"elementor-column elementor-col-100 elementor-top-column elementor-element elementor-element-e494594\" data-id=\"e494594\" data-element_type=\"column\" data-e-type=\"column\">\n\t\t\t<div class=\"elementor-widget-wrap elementor-element-populated\">\n\t\t\t\t\t\t<div class=\"elementor-element elementor-element-58a6325 elementor-widget elementor-widget-spacer\" data-id=\"58a6325\" data-element_type=\"widget\" data-e-type=\"widget\" data-widget_type=\"spacer.default\">\n\t\t\t\t<div class=\"elementor-widget-container\">\n\t\t\t\t\t\t\t<div class=\"elementor-spacer\">\n\t\t\t<div class=\"elementor-spacer-inner\"><\/div>\n\t\t<\/div>\n\t\t\t\t\t\t<\/div>\n\t\t\t\t<\/div>\n\t\t\t\t<div class=\"elementor-element elementor-element-810da0e elementor-widget-divider--view-line elementor-widget elementor-widget-divider\" data-id=\"810da0e\" data-element_type=\"widget\" data-e-type=\"widget\" data-widget_type=\"divider.default\">\n\t\t\t\t<div class=\"elementor-widget-container\">\n\t\t\t\t\t\t\t<div class=\"elementor-divider\">\n\t\t\t<span class=\"elementor-divider-separator\">\n\t\t\t\t\t\t<\/span>\n\t\t<\/div>\n\t\t\t\t\t\t<\/div>\n\t\t\t\t<\/div>\n\t\t\t\t<div class=\"elementor-element elementor-element-9f8da26 elementor-widget elementor-widget-spacer\" data-id=\"9f8da26\" data-element_type=\"widget\" data-e-type=\"widget\" data-widget_type=\"spacer.default\">\n\t\t\t\t<div class=\"elementor-widget-container\">\n\t\t\t\t\t\t\t<div class=\"elementor-spacer\">\n\t\t\t<div class=\"elementor-spacer-inner\"><\/div>\n\t\t<\/div>\n\t\t\t\t\t\t<\/div>\n\t\t\t\t<\/div>\n\t\t\t\t<div class=\"elementor-element elementor-element-2fa771e elementor-widget elementor-widget-text-editor\" data-id=\"2fa771e\" data-element_type=\"widget\" data-e-type=\"widget\" data-widget_type=\"text-editor.default\">\n\t\t\t\t<div class=\"elementor-widget-container\">\n\t\t\t\t\t\t\t\t\t<p>Od za\u010detka delovanja na\u0161e <strong><a href=\"https:\/\/adrasource.org\/sl\/directory\/\">Imenik<\/a><\/strong>, vodja pisarne, lahko zdaj z eno prijavo enostavno vklju\u010dite vse zaposlene v svoji dr\u017eavni pisarni za dostop do ve\u010d orodij ADRA Source Tools.<\/p><p>Ta privzeta orodja vklju\u010dujejo:<\/p><ul><li><strong><a href=\"https:\/\/adrasource.org\/sl\/community\/\">Skupnost<\/a><\/strong> (HumHub)<\/li><li><strong><a href=\"https:\/\/adrasource.org\/sl\/drive\/\">Pogon<\/a><\/strong> (NextCloud)<\/li><li><strong><a href=\"https:\/\/adrasource.org\/sl\/media\/\">Mediji<\/a><\/strong> (ResourceSpace)<\/li><li><strong><a href=\"https:\/\/adrasource.org\/sl\/projects\/\">Projekti<\/a><\/strong> (LogAlto)<\/li><\/ul>\t\t\t\t\t\t\t\t<\/div>\n\t\t\t\t<\/div>\n\t\t\t\t<div class=\"elementor-element elementor-element-4ca526a elementor-widget elementor-widget-spacer\" data-id=\"4ca526a\" data-element_type=\"widget\" data-e-type=\"widget\" data-widget_type=\"spacer.default\">\n\t\t\t\t<div class=\"elementor-widget-container\">\n\t\t\t\t\t\t\t<div class=\"elementor-spacer\">\n\t\t\t<div class=\"elementor-spacer-inner\"><\/div>\n\t\t<\/div>\n\t\t\t\t\t\t<\/div>\n\t\t\t\t<\/div>\n\t\t\t\t<div class=\"elementor-element elementor-element-ff08f67 elementor-widget elementor-widget-text-editor\" data-id=\"ff08f67\" data-element_type=\"widget\" data-e-type=\"widget\" data-widget_type=\"text-editor.default\">\n\t\t\t\t<div class=\"elementor-widget-container\">\n\t\t\t\t\t\t\t\t\t<p>Izberete lahko tudi, kateri uslu\u017ebenci imajo dostop do va\u0161ega ADRA WordPressa. <strong><a href=\"https:\/\/adrasource.org\/sl\/website\/\">Spletna stran<\/a><\/strong> (\u010ce ga \u0161e nimate, ga lahko nastavimo) in navedite, ali \u017eelite, da ADRA Source nastavi <strong><a href=\"https:\/\/adrasource.org\/sl\/email\/\">E-po\u0161ta<\/a><\/strong> storitve pri TechSoup\/Microsoft ali ADRA. \u010ce ste jih navedli v poslanem obrazcu, vas bomo kontaktirali, \u010de bodo potrebni nadaljnji ukrepi.<\/p><p>Opomba: Prosimo, da v svojem uradu dolo\u010dite osebo\/osebe, ki bodo <em>Vodja osebja<\/em> za upravljanje teh uporabnikov v na\u0161em imeniku, Office Manager.<\/p><p><em>\u010ce bi va\u0161 dr\u017eavni urad \u017eelel imeti dostop do na\u0161ih <strong><a href=\"https:\/\/adrasource.org\/sl\/adra-marketing\/\">Tr\u017eenje<\/a><\/strong> ali <strong><a href=\"https:\/\/adrasource.org\/sl\/adra-admin\/\">Admin<\/a><\/strong> Hubi, po\u0161ljite e-po\u0161to <a href=\"mailto:support@ADRAsource.org\">support@ADRAsource.org<\/a> saj ta orodja zahtevajo dodaten postopek.<\/em><\/p><p>\u010ce imate dodatna vpra\u0161anja, se obrnite na nas.<\/p>\t\t\t\t\t\t\t\t<\/div>\n\t\t\t\t<\/div>\n\t\t\t\t<div class=\"elementor-element elementor-element-de73d0c elementor-widget elementor-widget-spacer\" data-id=\"de73d0c\" data-element_type=\"widget\" data-e-type=\"widget\" data-widget_type=\"spacer.default\">\n\t\t\t\t<div class=\"elementor-widget-container\">\n\t\t\t\t\t\t\t<div class=\"elementor-spacer\">\n\t\t\t<div class=\"elementor-spacer-inner\"><\/div>\n\t\t<\/div>\n\t\t\t\t\t\t<\/div>\n\t\t\t\t<\/div>\n\t\t\t\t\t<\/div>\n\t\t<\/div>\n\t\t\t\t\t<\/div>\n\t\t<\/section>\n\t\t\t\t<\/div>","protected":false},"excerpt":{"rendered":"<p>REGISTER Onboard your country office&#8217;s staff in our Directory, Office Manager, to easily access ADRA Source&#8217;s tools DOWNLOAD FORM Download &#038; Fill Form Download the User Registration Form and fill it out indicating each staff&#8217;s details and what tools they should have access to. 1 Submit Form Once you have completed the form, send via [&hellip;]<\/p>\n","protected":false},"author":27,"featured_media":20853,"parent":16399,"menu_order":1,"comment_status":"closed","ping_status":"closed","template":"","meta":{"_acf_changed":false,"footnotes":""},"class_list":["post-16651","page","type-page","status-publish","has-post-thumbnail","hentry"],"acf":[],"_links":{"self":[{"href":"https:\/\/adrasource.org\/sl\/wp-json\/wp\/v2\/pages\/16651","targetHints":{"allow":["GET"]}}],"collection":[{"href":"https:\/\/adrasource.org\/sl\/wp-json\/wp\/v2\/pages"}],"about":[{"href":"https:\/\/adrasource.org\/sl\/wp-json\/wp\/v2\/types\/page"}],"author":[{"embeddable":true,"href":"https:\/\/adrasource.org\/sl\/wp-json\/wp\/v2\/users\/27"}],"replies":[{"embeddable":true,"href":"https:\/\/adrasource.org\/sl\/wp-json\/wp\/v2\/comments?post=16651"}],"version-history":[{"count":50,"href":"https:\/\/adrasource.org\/sl\/wp-json\/wp\/v2\/pages\/16651\/revisions"}],"predecessor-version":[{"id":23475,"href":"https:\/\/adrasource.org\/sl\/wp-json\/wp\/v2\/pages\/16651\/revisions\/23475"}],"up":[{"embeddable":true,"href":"https:\/\/adrasource.org\/sl\/wp-json\/wp\/v2\/pages\/16399"}],"wp:featuredmedia":[{"embeddable":true,"href":"https:\/\/adrasource.org\/sl\/wp-json\/wp\/v2\/media\/20853"}],"wp:attachment":[{"href":"https:\/\/adrasource.org\/sl\/wp-json\/wp\/v2\/media?parent=16651"}],"curies":[{"name":"wp","href":"https:\/\/api.w.org\/{rel}","templated":true}]}}