{"id":22477,"date":"2023-08-10T10:53:09","date_gmt":"2023-08-10T10:53:09","guid":{"rendered":"https:\/\/adrasource.org\/?page_id=22477"},"modified":"2025-06-19T02:02:39","modified_gmt":"2025-06-19T02:02:39","slug":"integration","status":"publish","type":"page","link":"https:\/\/adrasource.org\/pt\/about\/integration","title":{"rendered":"Integra\u00e7\u00e3o"},"content":{"rendered":"<div data-elementor-type=\"wp-page\" data-elementor-id=\"22477\" class=\"elementor elementor-22477\" data-elementor-post-type=\"page\">\n\t\t\t\t\t\t<section data-particle_enable=\"false\" data-particle-mobile-disabled=\"false\" class=\"elementor-section elementor-top-section elementor-element elementor-element-51c8d3f elementor-section-full_width elementor-section-height-default elementor-section-height-default\" data-id=\"51c8d3f\" data-element_type=\"section\" data-e-type=\"section\">\n\t\t\t\t\t\t<div class=\"elementor-container elementor-column-gap-default\">\n\t\t\t\t\t<div class=\"elementor-column elementor-col-33 elementor-top-column elementor-element elementor-element-cabb136\" data-id=\"cabb136\" data-element_type=\"column\" data-e-type=\"column\" data-settings=\"{&quot;background_background&quot;:&quot;classic&quot;}\">\n\t\t\t<div class=\"elementor-widget-wrap\">\n\t\t\t\t\t\t\t<\/div>\n\t\t<\/div>\n\t\t\t\t<div class=\"elementor-column elementor-col-33 elementor-top-column elementor-element elementor-element-6acd3e0\" data-id=\"6acd3e0\" data-element_type=\"column\" data-e-type=\"column\" data-settings=\"{&quot;background_background&quot;:&quot;classic&quot;}\">\n\t\t\t<div class=\"elementor-widget-wrap elementor-element-populated\">\n\t\t\t\t\t\t<div class=\"elementor-element elementor-element-e74cc65 elementor-widget elementor-widget-spacer\" data-id=\"e74cc65\" data-element_type=\"widget\" data-e-type=\"widget\" data-widget_type=\"spacer.default\">\n\t\t\t\t<div class=\"elementor-widget-container\">\n\t\t\t\t\t\t\t<div class=\"elementor-spacer\">\n\t\t\t<div class=\"elementor-spacer-inner\"><\/div>\n\t\t<\/div>\n\t\t\t\t\t\t<\/div>\n\t\t\t\t<\/div>\n\t\t\t\t<div class=\"elementor-element elementor-element-9ac0834 elementor-widget elementor-widget-image\" data-id=\"9ac0834\" data-element_type=\"widget\" data-e-type=\"widget\" data-widget_type=\"image.default\">\n\t\t\t\t<div class=\"elementor-widget-container\">\n\t\t\t\t\t\t\t\t\t\t\t\t\t\t\t<img decoding=\"async\" src=\"https:\/\/adrasource.org\/wp-content\/uploads\/elementor\/thumbs\/ADRA-Source-Logo-White-pww4glgtigbr01gpgbxb5tdrapjyxln6jaz10ixy8w.png\" title=\"Log\u00f3tipo de origem da ADRA (branco)\" alt=\"ADRA Source Logo (White)\" loading=\"lazy\" \/>\t\t\t\t\t\t\t\t\t\t\t\t\t\t\t<\/div>\n\t\t\t\t<\/div>\n\t\t\t\t<div class=\"elementor-element elementor-element-07b2972 elementor-widget elementor-widget-spacer\" data-id=\"07b2972\" data-element_type=\"widget\" data-e-type=\"widget\" data-widget_type=\"spacer.default\">\n\t\t\t\t<div class=\"elementor-widget-container\">\n\t\t\t\t\t\t\t<div class=\"elementor-spacer\">\n\t\t\t<div class=\"elementor-spacer-inner\"><\/div>\n\t\t<\/div>\n\t\t\t\t\t\t<\/div>\n\t\t\t\t<\/div>\n\t\t\t\t<div class=\"elementor-element elementor-element-6ce3907 elementor-widget elementor-widget-heading\" data-id=\"6ce3907\" data-element_type=\"widget\" data-e-type=\"widget\" data-widget_type=\"heading.default\">\n\t\t\t\t<div class=\"elementor-widget-container\">\n\t\t\t\t\t<h2 class=\"elementor-heading-title elementor-size-default\">INTEGRA\u00c7\u00c3O<\/h2>\t\t\t\t<\/div>\n\t\t\t\t<\/div>\n\t\t\t\t<div class=\"elementor-element elementor-element-48bb6a6 elementor-widget elementor-widget-spacer\" data-id=\"48bb6a6\" data-element_type=\"widget\" data-e-type=\"widget\" data-widget_type=\"spacer.default\">\n\t\t\t\t<div class=\"elementor-widget-container\">\n\t\t\t\t\t\t\t<div class=\"elementor-spacer\">\n\t\t\t<div class=\"elementor-spacer-inner\"><\/div>\n\t\t<\/div>\n\t\t\t\t\t\t<\/div>\n\t\t\t\t<\/div>\n\t\t\t\t<div class=\"elementor-element elementor-element-12a2280 elementor-widget elementor-widget-text-editor\" data-id=\"12a2280\" data-element_type=\"widget\" data-e-type=\"widget\" data-widget_type=\"text-editor.default\">\n\t\t\t\t<div class=\"elementor-widget-container\">\n\t\t\t\t\t\t\t\t\t<p>Evite o duplo tratamento de dados e a duplica\u00e7\u00e3o de esfor\u00e7os atrav\u00e9s do conjunto integrado de ferramentas do ADRA Source.<\/p>\t\t\t\t\t\t\t\t<\/div>\n\t\t\t\t<\/div>\n\t\t\t\t<div class=\"elementor-element elementor-element-04de131 elementor-widget elementor-widget-spacer\" data-id=\"04de131\" data-element_type=\"widget\" data-e-type=\"widget\" data-widget_type=\"spacer.default\">\n\t\t\t\t<div class=\"elementor-widget-container\">\n\t\t\t\t\t\t\t<div class=\"elementor-spacer\">\n\t\t\t<div class=\"elementor-spacer-inner\"><\/div>\n\t\t<\/div>\n\t\t\t\t\t\t<\/div>\n\t\t\t\t<\/div>\n\t\t\t\t\t<\/div>\n\t\t<\/div>\n\t\t\t\t<div class=\"elementor-column elementor-col-33 elementor-top-column elementor-element elementor-element-d5c105b elementor-hidden-mobile\" data-id=\"d5c105b\" data-element_type=\"column\" data-e-type=\"column\" data-settings=\"{&quot;background_background&quot;:&quot;classic&quot;}\">\n\t\t\t<div class=\"elementor-widget-wrap\">\n\t\t\t\t\t\t\t<\/div>\n\t\t<\/div>\n\t\t\t\t\t<\/div>\n\t\t<\/section>\n\t\t\t\t<section data-particle_enable=\"false\" data-particle-mobile-disabled=\"false\" class=\"elementor-section elementor-top-section elementor-element elementor-element-1d9d6d0 elementor-section-full_width elementor-section-height-default elementor-section-height-default\" data-id=\"1d9d6d0\" data-element_type=\"section\" data-e-type=\"section\">\n\t\t\t\t\t\t<div class=\"elementor-container elementor-column-gap-no\">\n\t\t\t\t\t<div class=\"elementor-column elementor-col-25 elementor-top-column elementor-element elementor-element-2cb4fb4\" data-id=\"2cb4fb4\" data-element_type=\"column\" data-e-type=\"column\" data-settings=\"{&quot;background_background&quot;:&quot;classic&quot;}\">\n\t\t\t<div class=\"elementor-widget-wrap elementor-element-populated\">\n\t\t\t\t\t\t<div class=\"elementor-element elementor-element-644f2ea elementor-widget elementor-widget-spacer\" data-id=\"644f2ea\" data-element_type=\"widget\" data-e-type=\"widget\" data-widget_type=\"spacer.default\">\n\t\t\t\t<div class=\"elementor-widget-container\">\n\t\t\t\t\t\t\t<div class=\"elementor-spacer\">\n\t\t\t<div class=\"elementor-spacer-inner\"><\/div>\n\t\t<\/div>\n\t\t\t\t\t\t<\/div>\n\t\t\t\t<\/div>\n\t\t\t\t\t<\/div>\n\t\t<\/div>\n\t\t\t\t<div class=\"elementor-column elementor-col-25 elementor-top-column elementor-element elementor-element-d691fd3\" data-id=\"d691fd3\" data-element_type=\"column\" data-e-type=\"column\" data-settings=\"{&quot;background_background&quot;:&quot;classic&quot;}\">\n\t\t\t<div class=\"elementor-widget-wrap elementor-element-populated\">\n\t\t\t\t\t\t<div class=\"elementor-element elementor-element-fbeb2a9 elementor-widget elementor-widget-spacer\" data-id=\"fbeb2a9\" data-element_type=\"widget\" data-e-type=\"widget\" data-widget_type=\"spacer.default\">\n\t\t\t\t<div class=\"elementor-widget-container\">\n\t\t\t\t\t\t\t<div class=\"elementor-spacer\">\n\t\t\t<div class=\"elementor-spacer-inner\"><\/div>\n\t\t<\/div>\n\t\t\t\t\t\t<\/div>\n\t\t\t\t<\/div>\n\t\t\t\t\t<\/div>\n\t\t<\/div>\n\t\t\t\t<div class=\"elementor-column elementor-col-25 elementor-top-column elementor-element elementor-element-c2c983d\" data-id=\"c2c983d\" data-element_type=\"column\" data-e-type=\"column\" data-settings=\"{&quot;background_background&quot;:&quot;classic&quot;}\">\n\t\t\t<div class=\"elementor-widget-wrap elementor-element-populated\">\n\t\t\t\t\t\t<div class=\"elementor-element elementor-element-38645c0 elementor-widget elementor-widget-spacer\" data-id=\"38645c0\" data-element_type=\"widget\" data-e-type=\"widget\" data-widget_type=\"spacer.default\">\n\t\t\t\t<div class=\"elementor-widget-container\">\n\t\t\t\t\t\t\t<div class=\"elementor-spacer\">\n\t\t\t<div class=\"elementor-spacer-inner\"><\/div>\n\t\t<\/div>\n\t\t\t\t\t\t<\/div>\n\t\t\t\t<\/div>\n\t\t\t\t\t<\/div>\n\t\t<\/div>\n\t\t\t\t<div class=\"elementor-column elementor-col-25 elementor-top-column elementor-element elementor-element-5261235\" data-id=\"5261235\" data-element_type=\"column\" data-e-type=\"column\" data-settings=\"{&quot;background_background&quot;:&quot;classic&quot;}\">\n\t\t\t<div class=\"elementor-widget-wrap elementor-element-populated\">\n\t\t\t\t\t\t<div class=\"elementor-element elementor-element-c5d6175 elementor-widget elementor-widget-spacer\" data-id=\"c5d6175\" data-element_type=\"widget\" data-e-type=\"widget\" data-widget_type=\"spacer.default\">\n\t\t\t\t<div class=\"elementor-widget-container\">\n\t\t\t\t\t\t\t<div class=\"elementor-spacer\">\n\t\t\t<div class=\"elementor-spacer-inner\"><\/div>\n\t\t<\/div>\n\t\t\t\t\t\t<\/div>\n\t\t\t\t<\/div>\n\t\t\t\t\t<\/div>\n\t\t<\/div>\n\t\t\t\t\t<\/div>\n\t\t<\/section>\n\t\t\t\t<section data-particle_enable=\"false\" data-particle-mobile-disabled=\"false\" class=\"elementor-section elementor-top-section elementor-element elementor-element-b3e3c64 elementor-section-boxed elementor-section-height-default elementor-section-height-default\" data-id=\"b3e3c64\" data-element_type=\"section\" data-e-type=\"section\">\n\t\t\t\t\t\t<div class=\"elementor-container elementor-column-gap-default\">\n\t\t\t\t\t<div class=\"elementor-column elementor-col-100 elementor-top-column elementor-element elementor-element-e6653d1\" data-id=\"e6653d1\" data-element_type=\"column\" data-e-type=\"column\">\n\t\t\t<div class=\"elementor-widget-wrap elementor-element-populated\">\n\t\t\t\t\t\t<div class=\"elementor-element elementor-element-7bbe0d6 elementor-widget elementor-widget-spacer\" data-id=\"7bbe0d6\" data-element_type=\"widget\" data-e-type=\"widget\" data-widget_type=\"spacer.default\">\n\t\t\t\t<div class=\"elementor-widget-container\">\n\t\t\t\t\t\t\t<div class=\"elementor-spacer\">\n\t\t\t<div class=\"elementor-spacer-inner\"><\/div>\n\t\t<\/div>\n\t\t\t\t\t\t<\/div>\n\t\t\t\t<\/div>\n\t\t\t\t<div class=\"elementor-element elementor-element-82ee5b2 elementor-widget elementor-widget-text-editor\" data-id=\"82ee5b2\" data-element_type=\"widget\" data-e-type=\"widget\" data-widget_type=\"text-editor.default\">\n\t\t\t\t<div class=\"elementor-widget-container\">\n\t\t\t\t\t\t\t\t\t<p>A integra\u00e7\u00e3o est\u00e1 no centro do ADRA Source. Sem ela, mesmo as melhores aplica\u00e7\u00f5es e solu\u00e7\u00f5es tecnol\u00f3gicas exigir\u00e3o um duplo manuseamento de dados e uma duplica\u00e7\u00e3o de esfor\u00e7os que pode tornar-se um fardo para qualquer organiza\u00e7\u00e3o.<\/p><p>Porque o ADRA Source \u00e9 para a ADRA, pela ADRA, todas as ferramentas dispon\u00edveis s\u00e3o cuidadosamente escolhidas para garantir que funcionam como a ADRA funciona e que se integram com as ferramentas j\u00e1 existentes.<\/p><p>Em suma, as ferramentas integradas que comp\u00f5em a suite ADRA Source podem tornar o seu escrit\u00f3rio ADRA mais bem sucedido - o que significa mais tempo dedicado a vidas transformadas atrav\u00e9s do seu servi\u00e7o \u00e0 humanidade.<\/p>\t\t\t\t\t\t\t\t<\/div>\n\t\t\t\t<\/div>\n\t\t\t\t<div class=\"elementor-element elementor-element-5277f71 elementor-widget elementor-widget-spacer\" data-id=\"5277f71\" data-element_type=\"widget\" data-e-type=\"widget\" data-widget_type=\"spacer.default\">\n\t\t\t\t<div class=\"elementor-widget-container\">\n\t\t\t\t\t\t\t<div class=\"elementor-spacer\">\n\t\t\t<div class=\"elementor-spacer-inner\"><\/div>\n\t\t<\/div>\n\t\t\t\t\t\t<\/div>\n\t\t\t\t<\/div>\n\t\t\t\t<div class=\"elementor-element elementor-element-40fdaec elementor-widget elementor-widget-text-editor\" data-id=\"40fdaec\" data-element_type=\"widget\" data-e-type=\"widget\" data-widget_type=\"text-editor.default\">\n\t\t\t\t<div class=\"elementor-widget-container\">\n\t\t\t\t\t\t\t\t\t<p>Integra\u00e7\u00e3o desde o in\u00edcio<\/p>\t\t\t\t\t\t\t\t<\/div>\n\t\t\t\t<\/div>\n\t\t\t\t<div class=\"elementor-element elementor-element-cd7e6a0 elementor-widget elementor-widget-text-editor\" data-id=\"cd7e6a0\" data-element_type=\"widget\" data-e-type=\"widget\" data-widget_type=\"text-editor.default\">\n\t\t\t\t<div class=\"elementor-widget-container\">\n\t\t\t\t\t\t\t\t\t<p>A partir do momento em que come\u00e7a a utilizar o ADRA Source e inicia sess\u00e3o no seu <a href=\"https:\/\/dashboard.adra.cloud\/\"><strong>Painel de instrumentos<\/strong><\/a>, ver\u00e1 um excerto do que significa esta integra\u00e7\u00e3o.<\/p>\t\t\t\t\t\t\t\t<\/div>\n\t\t\t\t<\/div>\n\t\t\t\t<div class=\"elementor-element elementor-element-04881ca elementor-widget elementor-widget-image\" data-id=\"04881ca\" data-element_type=\"widget\" data-e-type=\"widget\" data-widget_type=\"image.default\">\n\t\t\t\t<div class=\"elementor-widget-container\">\n\t\t\t\t\t\t\t\t\t\t\t\t\t\t\t<img fetchpriority=\"high\" decoding=\"async\" width=\"800\" height=\"427\" src=\"https:\/\/adrasource.org\/wp-content\/uploads\/2023\/08\/Screen-Shot-2023-08-10-at-6.15.26-pm-1024x546.png\" class=\"attachment-large size-large wp-image-22487\" alt=\"\" srcset=\"https:\/\/adrasource.org\/wp-content\/uploads\/2023\/08\/Screen-Shot-2023-08-10-at-6.15.26-pm-1024x546.png 1024w, https:\/\/adrasource.org\/wp-content\/uploads\/2023\/08\/Screen-Shot-2023-08-10-at-6.15.26-pm-300x160.png 300w, https:\/\/adrasource.org\/wp-content\/uploads\/2023\/08\/Screen-Shot-2023-08-10-at-6.15.26-pm-768x409.png 768w, https:\/\/adrasource.org\/wp-content\/uploads\/2023\/08\/Screen-Shot-2023-08-10-at-6.15.26-pm-18x10.png 18w, https:\/\/adrasource.org\/wp-content\/uploads\/2023\/08\/Screen-Shot-2023-08-10-at-6.15.26-pm.png 1437w\" sizes=\"(max-width: 800px) 100vw, 800px\" \/>\t\t\t\t\t\t\t\t\t\t\t\t\t\t\t<\/div>\n\t\t\t\t<\/div>\n\t\t\t\t<div class=\"elementor-element elementor-element-bc410e6 elementor-widget elementor-widget-spacer\" data-id=\"bc410e6\" data-element_type=\"widget\" data-e-type=\"widget\" data-widget_type=\"spacer.default\">\n\t\t\t\t<div class=\"elementor-widget-container\">\n\t\t\t\t\t\t\t<div class=\"elementor-spacer\">\n\t\t\t<div class=\"elementor-spacer-inner\"><\/div>\n\t\t<\/div>\n\t\t\t\t\t\t<\/div>\n\t\t\t\t<\/div>\n\t\t\t\t<div class=\"elementor-element elementor-element-de999ac elementor-widget elementor-widget-text-editor\" data-id=\"de999ac\" data-element_type=\"widget\" data-e-type=\"widget\" data-widget_type=\"text-editor.default\">\n\t\t\t\t<div class=\"elementor-widget-container\">\n\t\t\t\t\t\t\t\t\t<p>Gra\u00e7as ao nosso Single Sign-On SSO (<a href=\"https:\/\/adrasource.org\/pt\/register\/\"><strong>REGISTO<\/strong><\/a> now), ter\u00e1 acesso direto a todas as suas ferramentas, como o HumHub, NextCloud, LogAlto, ResourceSpace e muitas outras, com um simples clique no bot\u00e3o.<\/p>\t\t\t\t\t\t\t\t<\/div>\n\t\t\t\t<\/div>\n\t\t\t\t<div class=\"elementor-element elementor-element-e30cae7 elementor-widget elementor-widget-spacer\" data-id=\"e30cae7\" data-element_type=\"widget\" data-e-type=\"widget\" data-widget_type=\"spacer.default\">\n\t\t\t\t<div class=\"elementor-widget-container\">\n\t\t\t\t\t\t\t<div class=\"elementor-spacer\">\n\t\t\t<div class=\"elementor-spacer-inner\"><\/div>\n\t\t<\/div>\n\t\t\t\t\t\t<\/div>\n\t\t\t\t<\/div>\n\t\t\t\t<div class=\"elementor-element elementor-element-ae30b99 elementor-widget elementor-widget-text-editor\" data-id=\"ae30b99\" data-element_type=\"widget\" data-e-type=\"widget\" data-widget_type=\"text-editor.default\">\n\t\t\t\t<div class=\"elementor-widget-container\">\n\t\t\t\t\t\t\t\t\t<p>Tirar o m\u00e1ximo partido da integra\u00e7\u00e3o do ADRA Source<\/p>\t\t\t\t\t\t\t\t<\/div>\n\t\t\t\t<\/div>\n\t\t\t\t<div class=\"elementor-element elementor-element-c267941 elementor-widget elementor-widget-text-editor\" data-id=\"c267941\" data-element_type=\"widget\" data-e-type=\"widget\" data-widget_type=\"text-editor.default\">\n\t\t\t\t<div class=\"elementor-widget-container\">\n\t\t\t\t\t\t\t\t\t<p>Uma vez que voc\u00ea e o seu escrit\u00f3rio tenham sido configurados com as ferramentas ADRA Source necess\u00e1rias, poder\u00e1 utilizar as poderosas integra\u00e7\u00f5es oferecidas.<\/p>\t\t\t\t\t\t\t\t<\/div>\n\t\t\t\t<\/div>\n\t\t\t\t<div class=\"elementor-element elementor-element-44f34b0 elementor-widget elementor-widget-image\" data-id=\"44f34b0\" data-element_type=\"widget\" data-e-type=\"widget\" data-widget_type=\"image.default\">\n\t\t\t\t<div class=\"elementor-widget-container\">\n\t\t\t\t\t\t\t\t\t\t\t\t\t\t\t<img decoding=\"async\" width=\"800\" height=\"566\" src=\"https:\/\/adrasource.org\/wp-content\/uploads\/2024\/10\/ADRA-Source-Suite-Integration_Infrographic-1024x724.png\" class=\"attachment-large size-large wp-image-24911\" alt=\"\" srcset=\"https:\/\/adrasource.org\/wp-content\/uploads\/2024\/10\/ADRA-Source-Suite-Integration_Infrographic-1024x724.png 1024w, https:\/\/adrasource.org\/wp-content\/uploads\/2024\/10\/ADRA-Source-Suite-Integration_Infrographic-300x212.png 300w, https:\/\/adrasource.org\/wp-content\/uploads\/2024\/10\/ADRA-Source-Suite-Integration_Infrographic-768x543.png 768w, https:\/\/adrasource.org\/wp-content\/uploads\/2024\/10\/ADRA-Source-Suite-Integration_Infrographic-1536x1086.png 1536w, https:\/\/adrasource.org\/wp-content\/uploads\/2024\/10\/ADRA-Source-Suite-Integration_Infrographic-2048x1448.png 2048w, https:\/\/adrasource.org\/wp-content\/uploads\/2024\/10\/ADRA-Source-Suite-Integration_Infrographic-18x12.png 18w\" sizes=\"(max-width: 800px) 100vw, 800px\" \/>\t\t\t\t\t\t\t\t\t\t\t\t\t\t\t<\/div>\n\t\t\t\t<\/div>\n\t\t\t\t<div class=\"elementor-element elementor-element-d329afc elementor-widget elementor-widget-spacer\" data-id=\"d329afc\" data-element_type=\"widget\" data-e-type=\"widget\" data-widget_type=\"spacer.default\">\n\t\t\t\t<div class=\"elementor-widget-container\">\n\t\t\t\t\t\t\t<div class=\"elementor-spacer\">\n\t\t\t<div class=\"elementor-spacer-inner\"><\/div>\n\t\t<\/div>\n\t\t\t\t\t\t<\/div>\n\t\t\t\t<\/div>\n\t\t\t\t<div class=\"elementor-element elementor-element-0d91875 elementor-widget elementor-widget-text-editor\" data-id=\"0d91875\" data-element_type=\"widget\" data-e-type=\"widget\" data-widget_type=\"text-editor.default\">\n\t\t\t\t<div class=\"elementor-widget-container\">\n\t\t\t\t\t\t\t\t\t<p>Como funciona a integra\u00e7\u00e3o<\/p>\t\t\t\t\t\t\t\t<\/div>\n\t\t\t\t<\/div>\n\t\t\t\t<div class=\"elementor-element elementor-element-25f2976 elementor-widget elementor-widget-text-editor\" data-id=\"25f2976\" data-element_type=\"widget\" data-e-type=\"widget\" data-widget_type=\"text-editor.default\">\n\t\t\t\t<div class=\"elementor-widget-container\">\n\t\t\t\t\t\t\t\t\t<p>Com o apoio de uma equipa de especialistas em tecnologia, o conjunto de ferramentas da ADRA Source \u00e9 escolhido, personalizado e fornecido \u00e0 rede ADRA tendo em mente a integra\u00e7\u00e3o. Esta tecnologia permite que a informa\u00e7\u00e3o - como imagens, finan\u00e7as e outros dados - flua entre ferramentas sem que ningu\u00e9m precise de copiar e colar. Poupa tempo e dinheiro \u00e0 sua equipa.<\/p><p>Por exemplo, com as integra\u00e7\u00f5es entre o ResourceSpace, o LogAlto e o NextCloud, quando as suas equipas de projeto carregam fotografias do terreno, estas podem ser automaticamente marcadas e anexadas ao projeto correto no LogAlto quase instantaneamente.<\/p><p>Comece a utilizar o ADRA Source e as suas poderosas integra\u00e7\u00f5es hoje mesmo.<\/p>\t\t\t\t\t\t\t\t<\/div>\n\t\t\t\t<\/div>\n\t\t\t\t<div class=\"elementor-element elementor-element-7646c76 elementor-widget elementor-widget-spacer\" data-id=\"7646c76\" data-element_type=\"widget\" data-e-type=\"widget\" data-widget_type=\"spacer.default\">\n\t\t\t\t<div class=\"elementor-widget-container\">\n\t\t\t\t\t\t\t<div class=\"elementor-spacer\">\n\t\t\t<div class=\"elementor-spacer-inner\"><\/div>\n\t\t<\/div>\n\t\t\t\t\t\t<\/div>\n\t\t\t\t<\/div>\n\t\t\t\t\t<\/div>\n\t\t<\/div>\n\t\t\t\t\t<\/div>\n\t\t<\/section>\n\t\t\t\t<section data-particle_enable=\"false\" data-particle-mobile-disabled=\"false\" class=\"elementor-section elementor-top-section elementor-element elementor-element-6d14ac5c elementor-section-boxed elementor-section-height-default elementor-section-height-default\" data-id=\"6d14ac5c\" data-element_type=\"section\" data-e-type=\"section\" data-settings=\"{&quot;background_background&quot;:&quot;classic&quot;}\">\n\t\t\t\t\t\t\t<div class=\"elementor-background-overlay\"><\/div>\n\t\t\t\t\t\t\t<div class=\"elementor-container elementor-column-gap-default\">\n\t\t\t\t\t<div class=\"elementor-column elementor-col-50 elementor-top-column elementor-element elementor-element-4efb457c\" data-id=\"4efb457c\" data-element_type=\"column\" data-e-type=\"column\">\n\t\t\t<div class=\"elementor-widget-wrap elementor-element-populated\">\n\t\t\t\t\t\t<div class=\"elementor-element elementor-element-204c6f70 elementor-widget elementor-widget-spacer\" data-id=\"204c6f70\" data-element_type=\"widget\" data-e-type=\"widget\" data-widget_type=\"spacer.default\">\n\t\t\t\t<div class=\"elementor-widget-container\">\n\t\t\t\t\t\t\t<div class=\"elementor-spacer\">\n\t\t\t<div class=\"elementor-spacer-inner\"><\/div>\n\t\t<\/div>\n\t\t\t\t\t\t<\/div>\n\t\t\t\t<\/div>\n\t\t\t\t<div class=\"elementor-element elementor-element-d19b729 elementor-widget elementor-widget-heading\" data-id=\"d19b729\" data-element_type=\"widget\" data-e-type=\"widget\" data-widget_type=\"heading.default\">\n\t\t\t\t<div class=\"elementor-widget-container\">\n\t\t\t\t\t<h2 class=\"elementor-heading-title elementor-size-default\">Assine<\/h2>\t\t\t\t<\/div>\n\t\t\t\t<\/div>\n\t\t\t\t<div class=\"elementor-element elementor-element-5e119857 elementor-widget elementor-widget-spacer\" data-id=\"5e119857\" data-element_type=\"widget\" data-e-type=\"widget\" data-widget_type=\"spacer.default\">\n\t\t\t\t<div class=\"elementor-widget-container\">\n\t\t\t\t\t\t\t<div class=\"elementor-spacer\">\n\t\t\t<div class=\"elementor-spacer-inner\"><\/div>\n\t\t<\/div>\n\t\t\t\t\t\t<\/div>\n\t\t\t\t<\/div>\n\t\t\t\t<div class=\"elementor-element elementor-element-5424776d elementor-widget elementor-widget-text-editor\" data-id=\"5424776d\" data-element_type=\"widget\" data-e-type=\"widget\" data-widget_type=\"text-editor.default\">\n\t\t\t\t<div class=\"elementor-widget-container\">\n\t\t\t\t\t\t\t\t\t<p>Subscrever para obter dicas, tutoriais e not\u00edcias gratuitas sobre o ADRA Source<\/p>\t\t\t\t\t\t\t\t<\/div>\n\t\t\t\t<\/div>\n\t\t\t\t<div class=\"elementor-element elementor-element-164545a4 elementor-hidden-mobile elementor-widget elementor-widget-spacer\" data-id=\"164545a4\" data-element_type=\"widget\" data-e-type=\"widget\" data-widget_type=\"spacer.default\">\n\t\t\t\t<div class=\"elementor-widget-container\">\n\t\t\t\t\t\t\t<div class=\"elementor-spacer\">\n\t\t\t<div class=\"elementor-spacer-inner\"><\/div>\n\t\t<\/div>\n\t\t\t\t\t\t<\/div>\n\t\t\t\t<\/div>\n\t\t\t\t\t<\/div>\n\t\t<\/div>\n\t\t\t\t<div class=\"elementor-column elementor-col-50 elementor-top-column elementor-element elementor-element-6c89458f\" data-id=\"6c89458f\" data-element_type=\"column\" data-e-type=\"column\">\n\t\t\t<div class=\"elementor-widget-wrap elementor-element-populated\">\n\t\t\t\t\t\t<div class=\"elementor-element elementor-element-1f1e4a0f elementor-align-justify elementor-mobile-align-left elementor-widget elementor-widget-button\" data-id=\"1f1e4a0f\" data-element_type=\"widget\" data-e-type=\"widget\" data-widget_type=\"button.default\">\n\t\t\t\t<div class=\"elementor-widget-container\">\n\t\t\t\t\t\t\t\t\t<div class=\"elementor-button-wrapper\">\n\t\t\t\t\t<a class=\"elementor-button elementor-button-link elementor-size-md\" href=\"https:\/\/econnect.adrasource.org\/subscribe-adrasource\/\">\n\t\t\t\t\t\t<span class=\"elementor-button-content-wrapper\">\n\t\t\t\t\t\t\t\t\t<span class=\"elementor-button-text\">SUBSCREVER AGORA<\/span>\n\t\t\t\t\t<\/span>\n\t\t\t\t\t<\/a>\n\t\t\t\t<\/div>\n\t\t\t\t\t\t\t\t<\/div>\n\t\t\t\t<\/div>\n\t\t\t\t\t<\/div>\n\t\t<\/div>\n\t\t\t\t\t<\/div>\n\t\t<\/section>\n\t\t\t\t<\/div>","protected":false},"excerpt":{"rendered":"<p>INTEGRATION Skip the double handling of data and duplication of effort through ADRA Source&#8217;s integrated suite of tools. Integration is at the heart of ADRA Source. Without it, even the best apps and technology solutions will require double handling of data and duplication of effort that can become a burden to any organisation. Because ADRA [&hellip;]<\/p>\n","protected":false},"author":27,"featured_media":20853,"parent":20622,"menu_order":1,"comment_status":"closed","ping_status":"closed","template":"","meta":{"_acf_changed":false,"footnotes":""},"class_list":["post-22477","page","type-page","status-publish","has-post-thumbnail","hentry"],"acf":[],"_links":{"self":[{"href":"https:\/\/adrasource.org\/pt\/wp-json\/wp\/v2\/pages\/22477","targetHints":{"allow":["GET"]}}],"collection":[{"href":"https:\/\/adrasource.org\/pt\/wp-json\/wp\/v2\/pages"}],"about":[{"href":"https:\/\/adrasource.org\/pt\/wp-json\/wp\/v2\/types\/page"}],"author":[{"embeddable":true,"href":"https:\/\/adrasource.org\/pt\/wp-json\/wp\/v2\/users\/27"}],"replies":[{"embeddable":true,"href":"https:\/\/adrasource.org\/pt\/wp-json\/wp\/v2\/comments?post=22477"}],"version-history":[{"count":43,"href":"https:\/\/adrasource.org\/pt\/wp-json\/wp\/v2\/pages\/22477\/revisions"}],"predecessor-version":[{"id":25039,"href":"https:\/\/adrasource.org\/pt\/wp-json\/wp\/v2\/pages\/22477\/revisions\/25039"}],"up":[{"embeddable":true,"href":"https:\/\/adrasource.org\/pt\/wp-json\/wp\/v2\/pages\/20622"}],"wp:featuredmedia":[{"embeddable":true,"href":"https:\/\/adrasource.org\/pt\/wp-json\/wp\/v2\/media\/20853"}],"wp:attachment":[{"href":"https:\/\/adrasource.org\/pt\/wp-json\/wp\/v2\/media?parent=22477"}],"curies":[{"name":"wp","href":"https:\/\/api.w.org\/{rel}","templated":true}]}}