{"id":25356,"date":"2026-02-13T03:27:33","date_gmt":"2026-02-13T03:27:33","guid":{"rendered":"https:\/\/adrasource.org\/?page_id=25356"},"modified":"2026-02-13T03:52:41","modified_gmt":"2026-02-13T03:52:41","slug":"aac2026","status":"publish","type":"page","link":"https:\/\/adrasource.org\/hu\/privacy-policy\/aac2026","title":{"rendered":"AAC2026 Mobile App"},"content":{"rendered":"<div data-elementor-type=\"wp-page\" data-elementor-id=\"25356\" class=\"elementor elementor-25356\" data-elementor-post-type=\"page\">\n\t\t\t\t\t\t<section data-particle_enable=\"false\" data-particle-mobile-disabled=\"false\" class=\"elementor-section elementor-top-section elementor-element elementor-element-ebbb8d0 elementor-section-full_width elementor-section-height-default elementor-section-height-default\" data-id=\"ebbb8d0\" data-element_type=\"section\" data-e-type=\"section\" data-settings=\"{&quot;background_background&quot;:&quot;classic&quot;}\">\n\t\t\t\t\t\t<div class=\"elementor-container elementor-column-gap-default\">\n\t\t\t\t\t<div class=\"elementor-column elementor-col-100 elementor-top-column elementor-element elementor-element-fbdf6b7\" data-id=\"fbdf6b7\" data-element_type=\"column\" data-e-type=\"column\">\n\t\t\t<div class=\"elementor-widget-wrap elementor-element-populated\">\n\t\t\t\t\t\t<div class=\"elementor-element elementor-element-0b46560 elementor-widget elementor-widget-heading\" data-id=\"0b46560\" data-element_type=\"widget\" data-e-type=\"widget\" data-widget_type=\"heading.default\">\n\t\t\t\t<div class=\"elementor-widget-container\">\n\t\t\t\t\t<h2 class=\"elementor-heading-title elementor-size-default\">Adatv\u00e9delmi nyilatkozat<\/h2>\t\t\t\t<\/div>\n\t\t\t\t<\/div>\n\t\t\t\t<div class=\"elementor-element elementor-element-e58f1c0 elementor-widget elementor-widget-text-editor\" data-id=\"e58f1c0\" data-element_type=\"widget\" data-e-type=\"widget\" data-widget_type=\"text-editor.default\">\n\t\t\t\t<div class=\"elementor-widget-container\">\n\t\t\t\t\t\t\t\t\t<p><strong>AAC2026 Mobil alkalmaz\u00e1s<\/strong><br \/>ADRA \u00c9ves Tan\u00e1cs 2026<\/p>\t\t\t\t\t\t\t\t<\/div>\n\t\t\t\t<\/div>\n\t\t\t\t\t<\/div>\n\t\t<\/div>\n\t\t\t\t\t<\/div>\n\t\t<\/section>\n\t\t\t\t<section data-particle_enable=\"false\" data-particle-mobile-disabled=\"false\" class=\"elementor-section elementor-top-section elementor-element elementor-element-ac453d2 elementor-section-boxed elementor-section-height-default elementor-section-height-default\" data-id=\"ac453d2\" data-element_type=\"section\" data-e-type=\"section\" data-settings=\"{&quot;background_background&quot;:&quot;classic&quot;}\">\n\t\t\t\t\t\t<div class=\"elementor-container elementor-column-gap-default\">\n\t\t\t\t\t<div class=\"elementor-column elementor-col-100 elementor-top-column elementor-element elementor-element-23e65e4\" data-id=\"23e65e4\" data-element_type=\"column\" data-e-type=\"column\">\n\t\t\t<div class=\"elementor-widget-wrap elementor-element-populated\">\n\t\t\t\t\t\t<div class=\"elementor-element elementor-element-295a0a5 elementor-widget elementor-widget-text-editor\" data-id=\"295a0a5\" data-element_type=\"widget\" data-e-type=\"widget\" data-widget_type=\"text-editor.default\">\n\t\t\t\t<div class=\"elementor-widget-container\">\n\t\t\t\t\t\t\t\t\t<p>Utols\u00f3 friss\u00edt\u00e9s: febru\u00e1r 2026<\/p><h5><strong>1.Adatkezel\u0151<br \/><\/strong><\/h5><p>A szem\u00e9lyes adatoknak az AAC2026 mobilalkalmaz\u00e1son (\u201cAlkalmaz\u00e1s\u201d) kereszt\u00fcl t\u00f6rt\u00e9n\u0151 feldolgoz\u00e1s\u00e1\u00e9rt felel\u0151s adatkezel\u0151:<\/p><p>Nemzetk\u00f6zi Adventista Fejleszt\u00e9si \u00e9s Seg\u00e9lyszervezet (ADRA)<br \/>12501 Old Columbia Pike<br \/>Silver Spring, MD 20904, Egyes\u00fclt \u00c1llamok<br \/>E-mail: <strong><a href=\"mailto:mark.leroux@adra.org\">mark.leroux@adra.org<\/a><\/strong><\/p><p>Az ADRA International (\u201cmi\u201d) az a szervezet, amely meghat\u00e1rozza az ADRA Annual Council 2026 rendezv\u00e9nyhez kapcsol\u00f3d\u00f3an az alkalmaz\u00e1son kereszt\u00fcl gy\u0171jt\u00f6tt szem\u00e9lyes adatok feldolgoz\u00e1s\u00e1nak c\u00e9ljait \u00e9s m\u00f3dj\u00e1t.<\/p><h5><strong><br \/>2. C\u00e9l \u00e9s hat\u00e1ly<\/strong><\/h5><p>Az AAC2026 mobilalkalmaz\u00e1st kiz\u00e1r\u00f3lag az ADRA Annual Council 2026 rendezv\u00e9ny r\u00e9sztvev\u0151inek t\u00e1mogat\u00e1s\u00e1ra fejlesztett\u00e9k ki. Ez az adatv\u00e9delmi nyilatkozat elmagyar\u00e1zza, hogy az alkalmaz\u00e1s hogyan gy\u0171jti, kombin\u00e1lja, t\u00e1rolja \u00e9s biztos\u00edtja a szem\u00e9lyes adatok v\u00e9delm\u00e9t a m\u0171k\u00f6d\u00e9s\u00e9vel kapcsolatban, a vezet\u0151 szem\u00e9lyes adatv\u00e9delmi jogszab\u00e1lyok (pl. az ausztr\u00e1l adatv\u00e9delmi t\u00f6rv\u00e9ny, az EU GDPR, egy\u00e9b...) \u00e1ltal t\u00e1masztott legmagasabb szint\u0171 el\u0151\u00edr\u00e1soknak megfelel\u0151en, ahogyan azok alkalmazand\u00f3k.<\/p><p>Az Alkalmaz\u00e1s let\u00f6lt\u00e9s\u00e9vel \u00e9s haszn\u00e1lat\u00e1val \u00d6n elismeri, hogy elolvasta \u00e9s meg\u00e9rtette a jelen Adatv\u00e9delmi nyilatkozatot. Amennyiben az adatkezel\u00e9s hozz\u00e1j\u00e1rul\u00e1son alapul, az Alkalmaz\u00e1s tov\u00e1bbi haszn\u00e1lata az itt le\u00edrt gyakorlatokhoz val\u00f3 hozz\u00e1j\u00e1rul\u00e1s\u00e1t jelenti. \u00d6n b\u00e1rmikor visszavonhatja hozz\u00e1j\u00e1rul\u00e1s\u00e1t az al\u00e1bbi 9. szakaszban le\u00edrtak szerint.<\/p><h5><strong><br \/>3. A gy\u0171jt\u00f6tt szem\u00e9lyes adatok kateg\u00f3ri\u00e1i<\/strong><\/h5><p>A szem\u00e9lyes adatok k\u00f6vetkez\u0151 kateg\u00f3ri\u00e1it gy\u0171jtj\u00fck \u00e9s kezelj\u00fck:<\/p><p><strong>3.1 Az \u00d6n \u00e1ltal k\u00f6zvetlen\u00fcl megadott adatok<\/strong><\/p><ul><li><strong>N\u00e9v \u00e9s e-mail c\u00edm<\/strong> - ha \u00f6nk\u00e9ntesen megadj\u00e1k a rendezv\u00e9nyek kommunik\u00e1ci\u00f3s c\u00e9ljaira, mint p\u00e9ld\u00e1ul az \u00fcl\u00e9sekre val\u00f3 regisztr\u00e1ci\u00f3 vagy szem\u00e9lyre szabott \u00e9rtes\u00edt\u00e9sek.<\/li><li><strong>Kommunik\u00e1ci\u00f3s preferenci\u00e1k<\/strong> - az alkalmaz\u00e1son bel\u00fcli \u00e9rtes\u00edt\u00e9si \u00e9s kommunik\u00e1ci\u00f3s be\u00e1ll\u00edt\u00e1sai.<\/li><\/ul><p><strong><br \/>3.2 Automatikusan gy\u0171jt\u00f6tt adatok<\/strong><\/p><ul><li><strong>Eszk\u00f6zinform\u00e1ci\u00f3<\/strong> - az eszk\u00f6z t\u00edpusa, oper\u00e1ci\u00f3s rendszer \u00e9s verzi\u00f3ja, egyedi eszk\u00f6zazonos\u00edt\u00f3k (pl. rekl\u00e1mazonos\u00edt\u00f3, push-\u00e9rtes\u00edt\u00e9sek eset\u00e9n eszk\u00f6z-token).<\/li><li><strong>Felhaszn\u00e1l\u00e1si adatok<\/strong> - az alkalmaz\u00e1s interakci\u00f3i, az el\u00e9rt funkci\u00f3k, a munkamenet id\u0151tartama \u00e9s az \u00f6sszeoml\u00e1s\/hiba napl\u00f3k.<\/li><li><strong>IP-c\u00edm<\/strong> - automatikusan \u00f6sszegy\u0171jt\u00f6tt adatok, amikor az alkalmaz\u00e1s kommunik\u00e1l a szervereinkkel.<\/li><li><strong>Push-\u00e9rtes\u00edt\u00e9si tokenek<\/strong> - az Apple Push Notification Service (APN) vagy a Firebase Cloud Messaging (FCM) \u00e1ltal kibocs\u00e1tott eszk\u00f6z-tokeneket az \u00e9rtes\u00edt\u00e9sek k\u00e9zbes\u00edt\u00e9s\u00e9hez.<\/li><\/ul><p><strong><br \/>3.3 Nem gy\u0171jt\u00f6tt adatok<\/strong><\/p><p>Az alkalmaz\u00e1s nem gy\u0171jt pontos f\u00f6ldrajzi helymeghat\u00e1roz\u00e1si adatokat, biometrikus adatokat, p\u00e9nz\u00fcgyi inform\u00e1ci\u00f3kat vagy a GDPR 9. cikk\u00e9ben meghat\u00e1rozott k\u00fcl\u00f6nleges kateg\u00f3ri\u00e1j\u00fa szem\u00e9lyes adatokat (pl. eg\u00e9szs\u00e9g\u00fcgyi adatok, vall\u00e1si meggy\u0151z\u0151d\u00e9s, politikai v\u00e9lem\u00e9ny). Az alkalmaz\u00e1s nem ig\u00e9nyel fi\u00f3k l\u00e9trehoz\u00e1s\u00e1t vagy bejelentkez\u00e9si adatokat.<\/p><h5><strong><br \/>4. A feldolgoz\u00e1s c\u00e9lja \u00e9s jogalapja<\/strong><\/h5><p>Az alkalmaz\u00e1s az \u00d6n szem\u00e9lyes adatait a k\u00f6vetkez\u0151 c\u00e9lokb\u00f3l \u00e9s jogalapokon kezeli:<\/p><p><img fetchpriority=\"high\" decoding=\"async\" class=\"alignnone wp-image-25358 size-full\" src=\"https:\/\/adrasource.org\/wp-content\/uploads\/2026\/02\/Screen-Shot-2026-02-13-at-1.37.54-pm.png\" alt=\"\" width=\"745\" height=\"387\" srcset=\"https:\/\/adrasource.org\/wp-content\/uploads\/2026\/02\/Screen-Shot-2026-02-13-at-1.37.54-pm.png 745w, https:\/\/adrasource.org\/wp-content\/uploads\/2026\/02\/Screen-Shot-2026-02-13-at-1.37.54-pm-300x156.png 300w, https:\/\/adrasource.org\/wp-content\/uploads\/2026\/02\/Screen-Shot-2026-02-13-at-1.37.54-pm-18x9.png 18w\" sizes=\"(max-width: 745px) 100vw, 745px\" \/><\/p><h5><strong><br \/>5. Harmadik f\u00e9l \u00e1ltal ny\u00fajtott szolg\u00e1ltat\u00e1sok \u00e9s adatfeldolgoz\u00f3k<\/strong><\/h5><p>Az alkalmaz\u00e1s a k\u00f6vetkez\u0151 harmadik f\u00e9lt\u0151l sz\u00e1rmaz\u00f3 szolg\u00e1ltat\u00e1sokkal integr\u00e1l\u00f3dik, hogy lehet\u0151v\u00e9 tegye az alapvet\u0151 funkci\u00f3kat. E szolg\u00e1ltat\u00e1sok mindegyike adatfeldolgoz\u00f3k\u00e9nt j\u00e1r el a nev\u00fcnkben, vagy saj\u00e1t adatv\u00e9delmi nyilatkozat alapj\u00e1n m\u0171k\u00f6dik:<\/p><p><img decoding=\"async\" class=\"alignnone wp-image-25362 size-full\" src=\"https:\/\/adrasource.org\/wp-content\/uploads\/2026\/02\/Screen-Shot-2026-02-13-at-1.40.51-pm.png\" alt=\"\" width=\"747\" height=\"192\" srcset=\"https:\/\/adrasource.org\/wp-content\/uploads\/2026\/02\/Screen-Shot-2026-02-13-at-1.40.51-pm.png 747w, https:\/\/adrasource.org\/wp-content\/uploads\/2026\/02\/Screen-Shot-2026-02-13-at-1.40.51-pm-300x77.png 300w, https:\/\/adrasource.org\/wp-content\/uploads\/2026\/02\/Screen-Shot-2026-02-13-at-1.40.51-pm-18x5.png 18w\" sizes=\"(max-width: 747px) 100vw, 747px\" \/><\/p><p>Minden adatfeldolgoz\u00f3 k\u00f6teles a szem\u00e9lyes adatok feldolgoz\u00e1s\u00e1t az alkalmazand\u00f3 adatv\u00e9delmi jogszab\u00e1lyokkal \u00f6sszhangban \u00e9s kiz\u00e1r\u00f3lag az ADRA \u00e1ltal meghat\u00e1rozott c\u00e9lokra v\u00e9gezni. Amennyiben a szem\u00e9lyes adatokat de-lokaliz\u00e1lj\u00e1k (harmadik orsz\u00e1gba tov\u00e1bb\u00edtj\u00e1k), a 6. szakaszban le\u00edrtak szerint megfelel\u0151 biztos\u00edt\u00e9kokat alkalmaznak.<\/p><h5><strong><br \/>6. Nemzetk\u00f6zi adattov\u00e1bb\u00edt\u00e1sok<\/strong><\/h5><p>Mivel az Alkalmaz\u00e1s harmadik felek szolg\u00e1ltat\u00e1sait haszn\u00e1lja, amelyek sz\u00e9khelye az Egyes\u00fclt \u00c1llamokban \u00e9s potenci\u00e1lisan m\u00e1s orsz\u00e1gokban tal\u00e1lhat\u00f3 (feldolgoz\u00f3k\u00e9nt elj\u00e1r\u00f3), szem\u00e9lyes adatok nemzetk\u00f6zi szinten tov\u00e1bb\u00edt\u00e1sra ker\u00fclhetnek. Amennyiben ilyen adattov\u00e1bb\u00edt\u00e1sokra ker\u00fcl sor, biztos\u00edtjuk, hogy megfelel\u0151 biztos\u00edt\u00e9kok legyenek \u00e9rv\u00e9nyben, t\u00f6bbek k\u00f6z\u00f6tt:<\/p><ul><li><strong>Szabv\u00e1nyos szerz\u0151d\u00e9si felt\u00e9telek (SCC): <\/strong>Ahol nincs megfelel\u0151s\u00e9gi hat\u00e1rozat, ott az Eur\u00f3pai Bizotts\u00e1g (EU) 2021\/914 bizotts\u00e1gi v\u00e9grehajt\u00e1si hat\u00e1rozat alapj\u00e1n elfogadott \u00e1ltal\u00e1nos szerz\u0151d\u00e9si z\u00e1rad\u00e9kokra t\u00e1maszkodunk, amelyeket sz\u00fcks\u00e9g eset\u00e9n \u00e1truh\u00e1z\u00e1si hat\u00e1svizsg\u00e1latokkal eg\u00e9sz\u00edt\u00fcnk ki.<\/li><li><strong>Kieg\u00e9sz\u00edt\u0151 int\u00e9zked\u00e9sek: <\/strong>Sz\u00fcks\u00e9g eset\u00e9n tov\u00e1bbi technikai \u00e9s szervez\u00e9si int\u00e9zked\u00e9seket hajtanak v\u00e9gre az \u00e1tadott adatok l\u00e9nyeg\u00e9ben azonos szint\u0171 v\u00e9delm\u00e9nek biztos\u00edt\u00e1sa \u00e9rdek\u00e9ben.<\/li><\/ul><h5><strong><br \/>7. Adatmeg\u0151rz\u00e9s<\/strong><\/h5><p>A szem\u00e9lyes adatokat csak addig \u0151rizz\u00fck meg, am\u00edg az a jelen Adatv\u00e9delmi nyilatkozatban le\u00edrt c\u00e9lok teljes\u00edt\u00e9s\u00e9hez sz\u00fcks\u00e9ges. Konkr\u00e9tan:<\/p><ul><li><strong>Esem\u00e9nyhez kapcsol\u00f3d\u00f3 adatok <\/strong>(bele\u00e9rtve az \u00f6nk\u00e9ntesen megadott neveket \u00e9s e-mail c\u00edmeket) az AAC2026 rendezv\u00e9ny befejez\u00e9s\u00e9t k\u00f6vet\u0151 90 napon bel\u00fcl t\u00f6rl\u00e9sre vagy anonimiz\u00e1l\u00e1sra ker\u00fclnek, kiv\u00e9ve, ha az alkalmazand\u00f3 jogszab\u00e1lyok vagy a jogos szervezeti nyilv\u00e1ntart\u00e1si k\u00f6telezetts\u00e9gek hosszabb meg\u0151rz\u00e9si id\u0151szakot \u00edrnak el\u0151.<\/li><li><strong>Eszk\u00f6z tokenek \u00e9s \u00e9rtes\u00edt\u00e9si be\u00e1ll\u00edt\u00e1sok <\/strong>t\u00f6rl\u00e9sre ker\u00fcl, amikor az Alkalmaz\u00e1s elt\u00e1vol\u00edt\u00e1sra ker\u00fcl, vagy az esem\u00e9nyt k\u00f6vet\u0151 90 napon bel\u00fcl, att\u00f3l f\u00fcgg\u0151en, hogy melyik k\u00f6vetkezik be el\u0151bb.<\/li><li><strong>Haszn\u00e1lati analitika \u00e9s \u00f6sszeoml\u00e1si napl\u00f3k <\/strong>anonimiz\u00e1lt vagy \u00f6sszes\u00edtett form\u00e1ban legfeljebb 12 h\u00f3napig \u0151rizz\u00fck meg a j\u00f6v\u0151beni rendezv\u00e9nyekre val\u00f3 jelentkez\u00e9s jav\u00edt\u00e1sa c\u00e9lj\u00e1b\u00f3l, majd ezt k\u00f6vet\u0151en v\u00e9glegesen t\u00f6r\u00f6lj\u00fck \u0151ket.<\/li><\/ul><h5><br \/><strong>8. Adatbiztons\u00e1g<\/strong><\/h5><p>Megfelel\u0151 technikai \u00e9s szervez\u00e9si int\u00e9zked\u00e9seket hajtunk v\u00e9gre a szem\u00e9lyes adatok jogosulatlan hozz\u00e1f\u00e9r\u00e9s, megv\u00e1ltoztat\u00e1s, nyilv\u00e1noss\u00e1gra hozatal vagy megsemmis\u00edt\u00e9s elleni v\u00e9delme \u00e9rdek\u00e9ben. Ezek az int\u00e9zked\u00e9sek a k\u00f6vetkez\u0151k:<\/p><ul><li>Az adatok titkos\u00edt\u00e1sa a TLS\/SSL protokollok seg\u00edts\u00e9g\u00e9vel.<\/li><li>Hozz\u00e1f\u00e9r\u00e9s-ellen\u0151rz\u00e9s, amely az adatokhoz val\u00f3 hozz\u00e1f\u00e9r\u00e9st csak az arra jogosultakra korl\u00e1tozza.<\/li><li>Az alkalmaz\u00e1s \u00e9s infrastrukt\u00far\u00e1j\u00e1nak rendszeres biztons\u00e1gi \u00e9rt\u00e9kel\u00e9se.<\/li><li>Incidensreag\u00e1l\u00e1si elj\u00e1r\u00e1sok az adatbiztons\u00e1g megs\u00e9rt\u00e9s\u00e9nek azonnali kezel\u00e9se \u00e9rdek\u00e9ben.<\/li><\/ul><p><br \/>Az alkalmaz\u00e1son kereszt\u00fcl feldolgozott adatokat nem adjuk el, nem adjuk b\u00e9rbe, nem adunk licencet, \u00e9s nem osztjuk meg marketing, rekl\u00e1m vagy az AAC2026 esem\u00e9nyhez nem kapcsol\u00f3d\u00f3 kereskedelmi c\u00e9lokra.<\/p><h5><strong><br \/>9. Az \u00d6n jogai<\/strong><\/h5><p>Az \u00d6n joghat\u00f3s\u00e1g\u00e1t\u00f3l f\u00fcgg\u0151en bizonyos jogokkal rendelkezik szem\u00e9lyes adataival kapcsolatban. A GDPR \u00e9rtelm\u00e9ben ezek a k\u00f6vetkez\u0151k:<\/p><ul><li><strong>Hozz\u00e1f\u00e9r\u00e9si jog <\/strong>(15. cikk) - \u00d6n meger\u0151s\u00edt\u00e9st k\u00e9rhet arr\u00f3l, hogy szem\u00e9lyes adatainak feldolgoz\u00e1sa folyamatban van-e, \u00e9s ha igen, k\u00e9rheti az adatok m\u00e1solat\u00e1t.<\/li><li><strong>A helyesb\u00edt\u00e9shez val\u00f3 jog <\/strong>(16. cikk) - \u00d6n k\u00e9rheti a pontatlan szem\u00e9lyes adatok helyesb\u00edt\u00e9s\u00e9t.<\/li><li><strong>T\u00f6rl\u00e9shez val\u00f3 jog <\/strong>(17. cikk) - \u00d6n k\u00e9rheti szem\u00e9lyes adatainak t\u00f6rl\u00e9s\u00e9t, ha nincs k\u00e9nyszer\u00edt\u0151 ok a tov\u00e1bbi feldolgoz\u00e1sra.<\/li><li><strong>Az adatkezel\u00e9s korl\u00e1toz\u00e1s\u00e1hoz val\u00f3 jog <\/strong>(18. cikk) - \u00d6n k\u00e9rheti, hogy bizonyos k\u00f6r\u00fclm\u00e9nyek k\u00f6z\u00f6tt korl\u00e1tozzuk szem\u00e9lyes adatainak feldolgoz\u00e1s\u00e1t.<\/li><li><strong>Az adathordozhat\u00f3s\u00e1ghoz val\u00f3 jog <\/strong>(20. cikk) - \u00d6n k\u00e9rheti, hogy szem\u00e9lyes adatait struktur\u00e1lt, \u00e1ltal\u00e1nosan haszn\u00e1lt \u00e9s g\u00e9ppel olvashat\u00f3 form\u00e1tumban kapja meg.<\/li><li><strong>Tiltakoz\u00e1si jog <\/strong>(21. cikk) - \u00d6n b\u00e1rmikor tiltakozhat a jogos \u00e9rdekeken alapul\u00f3 adatkezel\u00e9s ellen.<\/li><li><strong>A hozz\u00e1j\u00e1rul\u00e1s visszavon\u00e1s\u00e1hoz val\u00f3 jog <\/strong>- Amennyiben az adatkezel\u00e9s hozz\u00e1j\u00e1rul\u00e1son alapul, \u00d6n b\u00e1rmikor visszavonhatja hozz\u00e1j\u00e1rul\u00e1s\u00e1t an\u00e9lk\u00fcl, hogy ez befoly\u00e1soln\u00e1 a hozz\u00e1j\u00e1rul\u00e1son alapul\u00f3 adatkezel\u00e9s visszavon\u00e1s el\u0151tti jogszer\u0171s\u00e9g\u00e9t.<\/li><\/ul><p><br \/>Ezen jogok b\u00e1rmelyik\u00e9nek gyakorl\u00e1s\u00e1hoz k\u00e9rj\u00fck, l\u00e9pjen kapcsolatba vel\u00fcnk a 12. pontban megadott e-mail c\u00edmen. K\u00e9r\u00e9s\u00e9re 30 napon bel\u00fcl, illetve a vonatkoz\u00f3 jogszab\u00e1lyok \u00e1ltal el\u0151\u00edrt hat\u00e1rid\u0151n bel\u00fcl v\u00e1laszolunk.<\/p><p><strong>Panaszhoz val\u00f3 jog: <\/strong>Ha \u00fagy v\u00e9li, hogy adatv\u00e9delmi jogait megs\u00e9rtett\u00e9k, joga van panaszt tenni a lak\u00f3helye szerinti orsz\u00e1g fel\u00fcgyeleti hat\u00f3s\u00e1g\u00e1n\u00e1l \u00e9s\/vagy (f\u0151k\u00e9nt, ha az \u00d6n orsz\u00e1g\u00e1ban nincs ilyen szerv) k\u00f6zvetlen\u00fcl n\u00e1lunk.<\/p><h5><strong><br \/>10. Push \u00e9rtes\u00edt\u00e9sek<\/strong><\/h5><p>Az alkalmaz\u00e1s push-\u00e9rtes\u00edt\u00e9seket haszn\u00e1l, hogy fontos esem\u00e9nyfriss\u00edt\u00e9seket, p\u00e9ld\u00e1ul menetrendv\u00e1ltoz\u00e1sokat, k\u00f6zleked\u00e9si \u00e9rtes\u00edt\u00e9seket, \u00fcl\u00e9s-eml\u00e9keztet\u0151ket \u00e9s \u00e1ltal\u00e1nos bejelent\u00e9seket k\u00fcldj\u00f6n. A push-\u00e9rtes\u00edt\u00e9sek az Apple Push Notification Service (APN) szolg\u00e1ltat\u00e1son kereszt\u00fcl ker\u00fclnek k\u00e9zbes\u00edt\u00e9sre iOS-eszk\u00f6z\u00f6k\u00f6n \u00e9s Firebase Cloud Messaging (FCM) Android-eszk\u00f6z\u00f6k\u00f6n.<\/p><p><strong><u>MEGJEGYZ\u00c9S<br \/><\/u><\/strong><strong><em>A push-\u00e9rtes\u00edt\u00e9sekhez val\u00f3 hozz\u00e1j\u00e1rul\u00e1st az eszk\u00f6z oper\u00e1ci\u00f3s rendszer\u00e9nek enged\u00e9lyk\u00e9relm\u00e9n kereszt\u00fcl kapja meg, amikor el\u0151sz\u00f6r haszn\u00e1lja az alkalmaz\u00e1st. \u00d6n b\u00e1rmikor letilthatja vagy \u00fajra enged\u00e9lyezheti a push-\u00e9rtes\u00edt\u00e9seket az eszk\u00f6z be\u00e1ll\u00edt\u00e1sain kereszt\u00fcl. Az \u00e9rtes\u00edt\u00e9sek letilt\u00e1sa nem befoly\u00e1solja az Alkalmaz\u00e1s egy\u00e9b funkci\u00f3it.<\/em><\/strong><\/p><h5><strong><br \/>11. Gyermekek mag\u00e1n\u00e9lete<\/strong><\/h5><p>Az alkalmaz\u00e1s kiz\u00e1r\u00f3lag a 2026-os ADRA \u00c9ves Tan\u00e1cson r\u00e9szt vev\u0151 szakmai rendezv\u00e9nyek r\u00e9sztvev\u0151i sz\u00e1m\u00e1ra k\u00e9sz\u00fclt, \u00e9s nem gyermekeknek sz\u00f3l. Tudatosan nem gy\u0171jt\u00fcnk szem\u00e9lyes adatokat 18 (tizennyolc) \u00e9v alattiakt\u00f3l. Ezt a k\u00fcsz\u00f6b\u00e9rt\u00e9ket 18 \u00e9ves korban hat\u00e1roztuk meg, hogy megfeleljen a vil\u00e1g minden t\u00e1j\u00e1n potenci\u00e1lisan alkalmazand\u00f3 jogszab\u00e1lyok szerinti legmagasabb beleegyez\u00e9si korhat\u00e1rra vonatkoz\u00f3 rendelkez\u00e9seknek.<\/p><p>Ha tudom\u00e1st szerz\u00fcnk arr\u00f3l, hogy v\u00e9letlen\u00fcl 18 \u00e9v alatti gyermek szem\u00e9lyes adatait gy\u0171jt\u00f6tt\u00fck, azonnal l\u00e9p\u00e9seket tesz\u00fcnk az ilyen adatok t\u00f6rl\u00e9s\u00e9re. Ha \u00fagy v\u00e9li, hogy egy gyermek szem\u00e9lyes adatokat adott meg az Alkalmaz\u00e1son kereszt\u00fcl, k\u00e9rj\u00fck, halad\u00e9ktalanul l\u00e9pjen kapcsolatba vel\u00fcnk a 12. pontban megadott e-mail c\u00edmen.<\/p><h5><strong><br \/>12. Adatv\u00e9delmi kapcsolattart\u00f3<\/strong><\/h5><p>A jelen Adatv\u00e9delmi t\u00e1j\u00e9koztat\u00f3val vagy az \u00d6n szem\u00e9lyes adatainak feldolgoz\u00e1s\u00e1val kapcsolatos b\u00e1rmilyen k\u00e9rd\u00e9ssel, agg\u00e1lyos k\u00e9rd\u00e9ssel vagy k\u00e9r\u00e9ssel forduljon a k\u00f6vetkez\u0151 c\u00edmre:<\/p><p><strong>Adatv\u00e9delmi kapcsolattart\u00f3<\/strong><\/p><p>Nemzetk\u00f6zi Adventista Fejleszt\u00e9si \u00e9s Seg\u00e9lyszervezet (ADRA)<br \/>Figyelem: Mark LeRoux<br \/>12501 Old Columbia Pike<br \/>Silver Spring, MD 20904, Egyes\u00fclt \u00c1llamok<br \/>E-mail: <a href=\"mailto:mark.leroux@adra.org\"><strong>mark.leroux@adra.org<\/strong><\/a><\/p>\t\t\t\t\t\t\t\t<\/div>\n\t\t\t\t<\/div>\n\t\t\t\t\t<\/div>\n\t\t<\/div>\n\t\t\t\t\t<\/div>\n\t\t<\/section>\n\t\t\t\t<\/div>","protected":false},"excerpt":{"rendered":"<p>The AAC2026 mobile application is developed to support participants of the ADRA Annual Council 2026 event.<\/p>","protected":false},"author":1,"featured_media":20853,"parent":22973,"menu_order":0,"comment_status":"closed","ping_status":"closed","template":"","meta":{"_acf_changed":false,"footnotes":""},"class_list":["post-25356","page","type-page","status-publish","has-post-thumbnail","hentry"],"acf":[],"_links":{"self":[{"href":"https:\/\/adrasource.org\/hu\/wp-json\/wp\/v2\/pages\/25356","targetHints":{"allow":["GET"]}}],"collection":[{"href":"https:\/\/adrasource.org\/hu\/wp-json\/wp\/v2\/pages"}],"about":[{"href":"https:\/\/adrasource.org\/hu\/wp-json\/wp\/v2\/types\/page"}],"author":[{"embeddable":true,"href":"https:\/\/adrasource.org\/hu\/wp-json\/wp\/v2\/users\/1"}],"replies":[{"embeddable":true,"href":"https:\/\/adrasource.org\/hu\/wp-json\/wp\/v2\/comments?post=25356"}],"version-history":[{"count":13,"href":"https:\/\/adrasource.org\/hu\/wp-json\/wp\/v2\/pages\/25356\/revisions"}],"predecessor-version":[{"id":25372,"href":"https:\/\/adrasource.org\/hu\/wp-json\/wp\/v2\/pages\/25356\/revisions\/25372"}],"up":[{"embeddable":true,"href":"https:\/\/adrasource.org\/hu\/wp-json\/wp\/v2\/pages\/22973"}],"wp:featuredmedia":[{"embeddable":true,"href":"https:\/\/adrasource.org\/hu\/wp-json\/wp\/v2\/media\/20853"}],"wp:attachment":[{"href":"https:\/\/adrasource.org\/hu\/wp-json\/wp\/v2\/media?parent=25356"}],"curies":[{"name":"wp","href":"https:\/\/api.w.org\/{rel}","templated":true}]}}