{"id":22477,"date":"2023-08-10T10:53:09","date_gmt":"2023-08-10T10:53:09","guid":{"rendered":"https:\/\/adrasource.org\/?page_id=22477"},"modified":"2025-06-19T02:02:39","modified_gmt":"2025-06-19T02:02:39","slug":"integration","status":"publish","type":"page","link":"https:\/\/adrasource.org\/hu\/about\/integration","title":{"rendered":"Integr\u00e1ci\u00f3"},"content":{"rendered":"<div data-elementor-type=\"wp-page\" data-elementor-id=\"22477\" class=\"elementor elementor-22477\" data-elementor-post-type=\"page\">\n\t\t\t\t\t\t<section data-particle_enable=\"false\" data-particle-mobile-disabled=\"false\" class=\"elementor-section elementor-top-section elementor-element elementor-element-51c8d3f elementor-section-full_width elementor-section-height-default elementor-section-height-default\" data-id=\"51c8d3f\" data-element_type=\"section\" data-e-type=\"section\">\n\t\t\t\t\t\t<div class=\"elementor-container elementor-column-gap-default\">\n\t\t\t\t\t<div class=\"elementor-column elementor-col-33 elementor-top-column elementor-element elementor-element-cabb136\" data-id=\"cabb136\" data-element_type=\"column\" data-e-type=\"column\" data-settings=\"{&quot;background_background&quot;:&quot;classic&quot;}\">\n\t\t\t<div class=\"elementor-widget-wrap\">\n\t\t\t\t\t\t\t<\/div>\n\t\t<\/div>\n\t\t\t\t<div class=\"elementor-column elementor-col-33 elementor-top-column elementor-element elementor-element-6acd3e0\" data-id=\"6acd3e0\" data-element_type=\"column\" data-e-type=\"column\" data-settings=\"{&quot;background_background&quot;:&quot;classic&quot;}\">\n\t\t\t<div class=\"elementor-widget-wrap elementor-element-populated\">\n\t\t\t\t\t\t<div class=\"elementor-element elementor-element-e74cc65 elementor-widget elementor-widget-spacer\" data-id=\"e74cc65\" data-element_type=\"widget\" data-e-type=\"widget\" data-widget_type=\"spacer.default\">\n\t\t\t\t<div class=\"elementor-widget-container\">\n\t\t\t\t\t\t\t<div class=\"elementor-spacer\">\n\t\t\t<div class=\"elementor-spacer-inner\"><\/div>\n\t\t<\/div>\n\t\t\t\t\t\t<\/div>\n\t\t\t\t<\/div>\n\t\t\t\t<div class=\"elementor-element elementor-element-9ac0834 elementor-widget elementor-widget-image\" data-id=\"9ac0834\" data-element_type=\"widget\" data-e-type=\"widget\" data-widget_type=\"image.default\">\n\t\t\t\t<div class=\"elementor-widget-container\">\n\t\t\t\t\t\t\t\t\t\t\t\t\t\t\t<img decoding=\"async\" src=\"https:\/\/adrasource.org\/wp-content\/uploads\/elementor\/thumbs\/ADRA-Source-Logo-White-pww4glgtigbr01gpgbxb5tdrapjyxln6jaz10ixy8w.png\" title=\"ADRA Source Logo (feh\u00e9r)\" alt=\"ADRA Source Logo (White)\" loading=\"lazy\" \/>\t\t\t\t\t\t\t\t\t\t\t\t\t\t\t<\/div>\n\t\t\t\t<\/div>\n\t\t\t\t<div class=\"elementor-element elementor-element-07b2972 elementor-widget elementor-widget-spacer\" data-id=\"07b2972\" data-element_type=\"widget\" data-e-type=\"widget\" data-widget_type=\"spacer.default\">\n\t\t\t\t<div class=\"elementor-widget-container\">\n\t\t\t\t\t\t\t<div class=\"elementor-spacer\">\n\t\t\t<div class=\"elementor-spacer-inner\"><\/div>\n\t\t<\/div>\n\t\t\t\t\t\t<\/div>\n\t\t\t\t<\/div>\n\t\t\t\t<div class=\"elementor-element elementor-element-6ce3907 elementor-widget elementor-widget-heading\" data-id=\"6ce3907\" data-element_type=\"widget\" data-e-type=\"widget\" data-widget_type=\"heading.default\">\n\t\t\t\t<div class=\"elementor-widget-container\">\n\t\t\t\t\t<h2 class=\"elementor-heading-title elementor-size-default\">INTEGR\u00c1CI\u00d3<\/h2>\t\t\t\t<\/div>\n\t\t\t\t<\/div>\n\t\t\t\t<div class=\"elementor-element elementor-element-48bb6a6 elementor-widget elementor-widget-spacer\" data-id=\"48bb6a6\" data-element_type=\"widget\" data-e-type=\"widget\" data-widget_type=\"spacer.default\">\n\t\t\t\t<div class=\"elementor-widget-container\">\n\t\t\t\t\t\t\t<div class=\"elementor-spacer\">\n\t\t\t<div class=\"elementor-spacer-inner\"><\/div>\n\t\t<\/div>\n\t\t\t\t\t\t<\/div>\n\t\t\t\t<\/div>\n\t\t\t\t<div class=\"elementor-element elementor-element-12a2280 elementor-widget elementor-widget-text-editor\" data-id=\"12a2280\" data-element_type=\"widget\" data-e-type=\"widget\" data-widget_type=\"text-editor.default\">\n\t\t\t\t<div class=\"elementor-widget-container\">\n\t\t\t\t\t\t\t\t\t<p>Az ADRA Source integr\u00e1lt eszk\u00f6zk\u00e9szlet\u00e9nek seg\u00edts\u00e9g\u00e9vel kihagyhatja a kett\u0151s adatkezel\u00e9st \u00e9s a p\u00e1rhuzamos munk\u00e1t.<\/p>\t\t\t\t\t\t\t\t<\/div>\n\t\t\t\t<\/div>\n\t\t\t\t<div class=\"elementor-element elementor-element-04de131 elementor-widget elementor-widget-spacer\" data-id=\"04de131\" data-element_type=\"widget\" data-e-type=\"widget\" data-widget_type=\"spacer.default\">\n\t\t\t\t<div class=\"elementor-widget-container\">\n\t\t\t\t\t\t\t<div class=\"elementor-spacer\">\n\t\t\t<div class=\"elementor-spacer-inner\"><\/div>\n\t\t<\/div>\n\t\t\t\t\t\t<\/div>\n\t\t\t\t<\/div>\n\t\t\t\t\t<\/div>\n\t\t<\/div>\n\t\t\t\t<div class=\"elementor-column elementor-col-33 elementor-top-column elementor-element elementor-element-d5c105b elementor-hidden-mobile\" data-id=\"d5c105b\" data-element_type=\"column\" data-e-type=\"column\" data-settings=\"{&quot;background_background&quot;:&quot;classic&quot;}\">\n\t\t\t<div class=\"elementor-widget-wrap\">\n\t\t\t\t\t\t\t<\/div>\n\t\t<\/div>\n\t\t\t\t\t<\/div>\n\t\t<\/section>\n\t\t\t\t<section data-particle_enable=\"false\" data-particle-mobile-disabled=\"false\" class=\"elementor-section elementor-top-section elementor-element elementor-element-1d9d6d0 elementor-section-full_width elementor-section-height-default elementor-section-height-default\" data-id=\"1d9d6d0\" data-element_type=\"section\" data-e-type=\"section\">\n\t\t\t\t\t\t<div class=\"elementor-container elementor-column-gap-no\">\n\t\t\t\t\t<div class=\"elementor-column elementor-col-25 elementor-top-column elementor-element elementor-element-2cb4fb4\" data-id=\"2cb4fb4\" data-element_type=\"column\" data-e-type=\"column\" data-settings=\"{&quot;background_background&quot;:&quot;classic&quot;}\">\n\t\t\t<div class=\"elementor-widget-wrap elementor-element-populated\">\n\t\t\t\t\t\t<div class=\"elementor-element elementor-element-644f2ea elementor-widget elementor-widget-spacer\" data-id=\"644f2ea\" data-element_type=\"widget\" data-e-type=\"widget\" data-widget_type=\"spacer.default\">\n\t\t\t\t<div class=\"elementor-widget-container\">\n\t\t\t\t\t\t\t<div class=\"elementor-spacer\">\n\t\t\t<div class=\"elementor-spacer-inner\"><\/div>\n\t\t<\/div>\n\t\t\t\t\t\t<\/div>\n\t\t\t\t<\/div>\n\t\t\t\t\t<\/div>\n\t\t<\/div>\n\t\t\t\t<div class=\"elementor-column elementor-col-25 elementor-top-column elementor-element elementor-element-d691fd3\" data-id=\"d691fd3\" data-element_type=\"column\" data-e-type=\"column\" data-settings=\"{&quot;background_background&quot;:&quot;classic&quot;}\">\n\t\t\t<div class=\"elementor-widget-wrap elementor-element-populated\">\n\t\t\t\t\t\t<div class=\"elementor-element elementor-element-fbeb2a9 elementor-widget elementor-widget-spacer\" data-id=\"fbeb2a9\" data-element_type=\"widget\" data-e-type=\"widget\" data-widget_type=\"spacer.default\">\n\t\t\t\t<div class=\"elementor-widget-container\">\n\t\t\t\t\t\t\t<div class=\"elementor-spacer\">\n\t\t\t<div class=\"elementor-spacer-inner\"><\/div>\n\t\t<\/div>\n\t\t\t\t\t\t<\/div>\n\t\t\t\t<\/div>\n\t\t\t\t\t<\/div>\n\t\t<\/div>\n\t\t\t\t<div class=\"elementor-column elementor-col-25 elementor-top-column elementor-element elementor-element-c2c983d\" data-id=\"c2c983d\" data-element_type=\"column\" data-e-type=\"column\" data-settings=\"{&quot;background_background&quot;:&quot;classic&quot;}\">\n\t\t\t<div class=\"elementor-widget-wrap elementor-element-populated\">\n\t\t\t\t\t\t<div class=\"elementor-element elementor-element-38645c0 elementor-widget elementor-widget-spacer\" data-id=\"38645c0\" data-element_type=\"widget\" data-e-type=\"widget\" data-widget_type=\"spacer.default\">\n\t\t\t\t<div class=\"elementor-widget-container\">\n\t\t\t\t\t\t\t<div class=\"elementor-spacer\">\n\t\t\t<div class=\"elementor-spacer-inner\"><\/div>\n\t\t<\/div>\n\t\t\t\t\t\t<\/div>\n\t\t\t\t<\/div>\n\t\t\t\t\t<\/div>\n\t\t<\/div>\n\t\t\t\t<div class=\"elementor-column elementor-col-25 elementor-top-column elementor-element elementor-element-5261235\" data-id=\"5261235\" data-element_type=\"column\" data-e-type=\"column\" data-settings=\"{&quot;background_background&quot;:&quot;classic&quot;}\">\n\t\t\t<div class=\"elementor-widget-wrap elementor-element-populated\">\n\t\t\t\t\t\t<div class=\"elementor-element elementor-element-c5d6175 elementor-widget elementor-widget-spacer\" data-id=\"c5d6175\" data-element_type=\"widget\" data-e-type=\"widget\" data-widget_type=\"spacer.default\">\n\t\t\t\t<div class=\"elementor-widget-container\">\n\t\t\t\t\t\t\t<div class=\"elementor-spacer\">\n\t\t\t<div class=\"elementor-spacer-inner\"><\/div>\n\t\t<\/div>\n\t\t\t\t\t\t<\/div>\n\t\t\t\t<\/div>\n\t\t\t\t\t<\/div>\n\t\t<\/div>\n\t\t\t\t\t<\/div>\n\t\t<\/section>\n\t\t\t\t<section data-particle_enable=\"false\" data-particle-mobile-disabled=\"false\" class=\"elementor-section elementor-top-section elementor-element elementor-element-b3e3c64 elementor-section-boxed elementor-section-height-default elementor-section-height-default\" data-id=\"b3e3c64\" data-element_type=\"section\" data-e-type=\"section\">\n\t\t\t\t\t\t<div class=\"elementor-container elementor-column-gap-default\">\n\t\t\t\t\t<div class=\"elementor-column elementor-col-100 elementor-top-column elementor-element elementor-element-e6653d1\" data-id=\"e6653d1\" data-element_type=\"column\" data-e-type=\"column\">\n\t\t\t<div class=\"elementor-widget-wrap elementor-element-populated\">\n\t\t\t\t\t\t<div class=\"elementor-element elementor-element-7bbe0d6 elementor-widget elementor-widget-spacer\" data-id=\"7bbe0d6\" data-element_type=\"widget\" data-e-type=\"widget\" data-widget_type=\"spacer.default\">\n\t\t\t\t<div class=\"elementor-widget-container\">\n\t\t\t\t\t\t\t<div class=\"elementor-spacer\">\n\t\t\t<div class=\"elementor-spacer-inner\"><\/div>\n\t\t<\/div>\n\t\t\t\t\t\t<\/div>\n\t\t\t\t<\/div>\n\t\t\t\t<div class=\"elementor-element elementor-element-82ee5b2 elementor-widget elementor-widget-text-editor\" data-id=\"82ee5b2\" data-element_type=\"widget\" data-e-type=\"widget\" data-widget_type=\"text-editor.default\">\n\t\t\t\t<div class=\"elementor-widget-container\">\n\t\t\t\t\t\t\t\t\t<p>Az integr\u00e1ci\u00f3 az ADRA Forr\u00e1s k\u00f6z\u00e9ppontj\u00e1ban \u00e1ll. En\u00e9lk\u00fcl m\u00e9g a legjobb alkalmaz\u00e1sok \u00e9s technol\u00f3giai megold\u00e1sok is dupla adatkezel\u00e9st \u00e9s megkett\u0151z\u00f6tt er\u0151fesz\u00edt\u00e9seket ig\u00e9nyelnek, ami minden szervezet sz\u00e1m\u00e1ra teherr\u00e9 v\u00e1lhat.<\/p><p>Mivel az ADRA Source az ADRA sz\u00e1m\u00e1ra, az ADRA \u00e1ltal, minden rendelkez\u00e9sre \u00e1ll\u00f3 eszk\u00f6zt gondosan kiv\u00e1lasztunk, hogy biztos\u00edtsuk, hogy \u00fagy m\u0171k\u00f6dj\u00f6n, ahogy az ADRA m\u0171k\u00f6dik, \u00e9s integr\u00e1lhat\u00f3 legyen a m\u00e1r megl\u00e9v\u0151 eszk\u00f6z\u00f6kkel.<\/p><p>R\u00f6viden, az ADRA Source csomagot alkot\u00f3 integr\u00e1lt eszk\u00f6z\u00f6k sikeresebb\u00e9 tehetik az ADRA irod\u00e1j\u00e1t - ami azt jelenti, hogy t\u00f6bb id\u0151t ford\u00edthat az emberis\u00e9g szolg\u00e1lat\u00e1val megv\u00e1ltoztatott \u00e9letekre.<\/p>\t\t\t\t\t\t\t\t<\/div>\n\t\t\t\t<\/div>\n\t\t\t\t<div class=\"elementor-element elementor-element-5277f71 elementor-widget elementor-widget-spacer\" data-id=\"5277f71\" data-element_type=\"widget\" data-e-type=\"widget\" data-widget_type=\"spacer.default\">\n\t\t\t\t<div class=\"elementor-widget-container\">\n\t\t\t\t\t\t\t<div class=\"elementor-spacer\">\n\t\t\t<div class=\"elementor-spacer-inner\"><\/div>\n\t\t<\/div>\n\t\t\t\t\t\t<\/div>\n\t\t\t\t<\/div>\n\t\t\t\t<div class=\"elementor-element elementor-element-40fdaec elementor-widget elementor-widget-text-editor\" data-id=\"40fdaec\" data-element_type=\"widget\" data-e-type=\"widget\" data-widget_type=\"text-editor.default\">\n\t\t\t\t<div class=\"elementor-widget-container\">\n\t\t\t\t\t\t\t\t\t<p>Integr\u00e1ci\u00f3 a kezdetekt\u0151l fogva<\/p>\t\t\t\t\t\t\t\t<\/div>\n\t\t\t\t<\/div>\n\t\t\t\t<div class=\"elementor-element elementor-element-cd7e6a0 elementor-widget elementor-widget-text-editor\" data-id=\"cd7e6a0\" data-element_type=\"widget\" data-e-type=\"widget\" data-widget_type=\"text-editor.default\">\n\t\t\t\t<div class=\"elementor-widget-container\">\n\t\t\t\t\t\t\t\t\t<p>Att\u00f3l a pillanatt\u00f3l kezdve, hogy elkezdi az ADRA Source haszn\u00e1lat\u00e1t \u00e9s bejelentkezik a <a href=\"https:\/\/dashboard.adra.cloud\/\"><strong>M\u0171szerfal<\/strong><\/a>, l\u00e1tni fog egy r\u00e9szletet arr\u00f3l, hogy mit jelent ez az integr\u00e1ci\u00f3.<\/p>\t\t\t\t\t\t\t\t<\/div>\n\t\t\t\t<\/div>\n\t\t\t\t<div class=\"elementor-element elementor-element-04881ca elementor-widget elementor-widget-image\" data-id=\"04881ca\" data-element_type=\"widget\" data-e-type=\"widget\" data-widget_type=\"image.default\">\n\t\t\t\t<div class=\"elementor-widget-container\">\n\t\t\t\t\t\t\t\t\t\t\t\t\t\t\t<img fetchpriority=\"high\" decoding=\"async\" width=\"800\" height=\"427\" src=\"https:\/\/adrasource.org\/wp-content\/uploads\/2023\/08\/Screen-Shot-2023-08-10-at-6.15.26-pm-1024x546.png\" class=\"attachment-large size-large wp-image-22487\" alt=\"\" srcset=\"https:\/\/adrasource.org\/wp-content\/uploads\/2023\/08\/Screen-Shot-2023-08-10-at-6.15.26-pm-1024x546.png 1024w, https:\/\/adrasource.org\/wp-content\/uploads\/2023\/08\/Screen-Shot-2023-08-10-at-6.15.26-pm-300x160.png 300w, https:\/\/adrasource.org\/wp-content\/uploads\/2023\/08\/Screen-Shot-2023-08-10-at-6.15.26-pm-768x409.png 768w, https:\/\/adrasource.org\/wp-content\/uploads\/2023\/08\/Screen-Shot-2023-08-10-at-6.15.26-pm-18x10.png 18w, https:\/\/adrasource.org\/wp-content\/uploads\/2023\/08\/Screen-Shot-2023-08-10-at-6.15.26-pm.png 1437w\" sizes=\"(max-width: 800px) 100vw, 800px\" \/>\t\t\t\t\t\t\t\t\t\t\t\t\t\t\t<\/div>\n\t\t\t\t<\/div>\n\t\t\t\t<div class=\"elementor-element elementor-element-bc410e6 elementor-widget elementor-widget-spacer\" data-id=\"bc410e6\" data-element_type=\"widget\" data-e-type=\"widget\" data-widget_type=\"spacer.default\">\n\t\t\t\t<div class=\"elementor-widget-container\">\n\t\t\t\t\t\t\t<div class=\"elementor-spacer\">\n\t\t\t<div class=\"elementor-spacer-inner\"><\/div>\n\t\t<\/div>\n\t\t\t\t\t\t<\/div>\n\t\t\t\t<\/div>\n\t\t\t\t<div class=\"elementor-element elementor-element-de999ac elementor-widget elementor-widget-text-editor\" data-id=\"de999ac\" data-element_type=\"widget\" data-e-type=\"widget\" data-widget_type=\"text-editor.default\">\n\t\t\t\t<div class=\"elementor-widget-container\">\n\t\t\t\t\t\t\t\t\t<p>Az egys\u00e9ges bejelentkez\u00e9si SSO (<a href=\"https:\/\/adrasource.org\/hu\/register\/\"><strong>REGISZTR\u00c1CI\u00d3<\/strong><\/a> most) funkci\u00f3val egyetlen gombnyom\u00e1ssal k\u00f6zvetlen hozz\u00e1f\u00e9r\u00e9se lesz az \u00f6sszes eszk\u00f6z\u00e9hez, p\u00e9ld\u00e1ul a HumHub, NextCloud, LogAlto, ResourceSpace \u00e9s sok m\u00e1s eszk\u00f6zh\u00f6z.<\/p>\t\t\t\t\t\t\t\t<\/div>\n\t\t\t\t<\/div>\n\t\t\t\t<div class=\"elementor-element elementor-element-e30cae7 elementor-widget elementor-widget-spacer\" data-id=\"e30cae7\" data-element_type=\"widget\" data-e-type=\"widget\" data-widget_type=\"spacer.default\">\n\t\t\t\t<div class=\"elementor-widget-container\">\n\t\t\t\t\t\t\t<div class=\"elementor-spacer\">\n\t\t\t<div class=\"elementor-spacer-inner\"><\/div>\n\t\t<\/div>\n\t\t\t\t\t\t<\/div>\n\t\t\t\t<\/div>\n\t\t\t\t<div class=\"elementor-element elementor-element-ae30b99 elementor-widget elementor-widget-text-editor\" data-id=\"ae30b99\" data-element_type=\"widget\" data-e-type=\"widget\" data-widget_type=\"text-editor.default\">\n\t\t\t\t<div class=\"elementor-widget-container\">\n\t\t\t\t\t\t\t\t\t<p>Az ADRA Source integr\u00e1ci\u00f3 maxim\u00e1lis kihaszn\u00e1l\u00e1sa<\/p>\t\t\t\t\t\t\t\t<\/div>\n\t\t\t\t<\/div>\n\t\t\t\t<div class=\"elementor-element elementor-element-c267941 elementor-widget elementor-widget-text-editor\" data-id=\"c267941\" data-element_type=\"widget\" data-e-type=\"widget\" data-widget_type=\"text-editor.default\">\n\t\t\t\t<div class=\"elementor-widget-container\">\n\t\t\t\t\t\t\t\t\t<p>Ha \u00d6n \u00e9s irod\u00e1ja m\u00e1r rendelkezik a sz\u00fcks\u00e9ges ADRA Source eszk\u00f6z\u00f6kkel, akkor kihaszn\u00e1lhatja a rendelkez\u00e9sre \u00e1ll\u00f3 hat\u00e9kony integr\u00e1ci\u00f3kat.<\/p>\t\t\t\t\t\t\t\t<\/div>\n\t\t\t\t<\/div>\n\t\t\t\t<div class=\"elementor-element elementor-element-44f34b0 elementor-widget elementor-widget-image\" data-id=\"44f34b0\" data-element_type=\"widget\" data-e-type=\"widget\" data-widget_type=\"image.default\">\n\t\t\t\t<div class=\"elementor-widget-container\">\n\t\t\t\t\t\t\t\t\t\t\t\t\t\t\t<img decoding=\"async\" width=\"800\" height=\"566\" src=\"https:\/\/adrasource.org\/wp-content\/uploads\/2024\/10\/ADRA-Source-Suite-Integration_Infrographic-1024x724.png\" class=\"attachment-large size-large wp-image-24911\" alt=\"\" srcset=\"https:\/\/adrasource.org\/wp-content\/uploads\/2024\/10\/ADRA-Source-Suite-Integration_Infrographic-1024x724.png 1024w, https:\/\/adrasource.org\/wp-content\/uploads\/2024\/10\/ADRA-Source-Suite-Integration_Infrographic-300x212.png 300w, https:\/\/adrasource.org\/wp-content\/uploads\/2024\/10\/ADRA-Source-Suite-Integration_Infrographic-768x543.png 768w, https:\/\/adrasource.org\/wp-content\/uploads\/2024\/10\/ADRA-Source-Suite-Integration_Infrographic-1536x1086.png 1536w, https:\/\/adrasource.org\/wp-content\/uploads\/2024\/10\/ADRA-Source-Suite-Integration_Infrographic-2048x1448.png 2048w, https:\/\/adrasource.org\/wp-content\/uploads\/2024\/10\/ADRA-Source-Suite-Integration_Infrographic-18x12.png 18w\" sizes=\"(max-width: 800px) 100vw, 800px\" \/>\t\t\t\t\t\t\t\t\t\t\t\t\t\t\t<\/div>\n\t\t\t\t<\/div>\n\t\t\t\t<div class=\"elementor-element elementor-element-d329afc elementor-widget elementor-widget-spacer\" data-id=\"d329afc\" data-element_type=\"widget\" data-e-type=\"widget\" data-widget_type=\"spacer.default\">\n\t\t\t\t<div class=\"elementor-widget-container\">\n\t\t\t\t\t\t\t<div class=\"elementor-spacer\">\n\t\t\t<div class=\"elementor-spacer-inner\"><\/div>\n\t\t<\/div>\n\t\t\t\t\t\t<\/div>\n\t\t\t\t<\/div>\n\t\t\t\t<div class=\"elementor-element elementor-element-0d91875 elementor-widget elementor-widget-text-editor\" data-id=\"0d91875\" data-element_type=\"widget\" data-e-type=\"widget\" data-widget_type=\"text-editor.default\">\n\t\t\t\t<div class=\"elementor-widget-container\">\n\t\t\t\t\t\t\t\t\t<p>Hogyan m\u0171k\u00f6dik az integr\u00e1ci\u00f3<\/p>\t\t\t\t\t\t\t\t<\/div>\n\t\t\t\t<\/div>\n\t\t\t\t<div class=\"elementor-element elementor-element-25f2976 elementor-widget elementor-widget-text-editor\" data-id=\"25f2976\" data-element_type=\"widget\" data-e-type=\"widget\" data-widget_type=\"text-editor.default\">\n\t\t\t\t<div class=\"elementor-widget-container\">\n\t\t\t\t\t\t\t\t\t<p>Az ADRA Source technol\u00f3giai szak\u00e9rt\u0151kb\u0151l \u00e1ll\u00f3 csapat\u00e1nak t\u00e1mogat\u00e1s\u00e1val az ADRA Source eszk\u00f6zk\u00e9szlet\u00e9t az integr\u00e1ci\u00f3 szem el\u0151tt tart\u00e1s\u00e1val v\u00e1lasztj\u00e1k ki, testre szabj\u00e1k \u00e9s sz\u00e1ll\u00edtj\u00e1k az ADRA-h\u00e1l\u00f3zatnak. Ez a technol\u00f3gia lehet\u0151v\u00e9 teszi, hogy az inform\u00e1ci\u00f3k - p\u00e9ld\u00e1ul k\u00e9pek, p\u00e9nz\u00fcgyi \u00e9s egy\u00e9b adatok - an\u00e9lk\u00fcl \u00e1ramoljanak az eszk\u00f6z\u00f6k k\u00f6z\u00f6tt, hogy b\u00e1rkinek is m\u00e1solnia \u00e9s beillesztenie kellene \u0151ket. Ez id\u0151t \u00e9s p\u00e9nzt takar\u00edt meg a csapat\u00e1nak.<\/p><p>P\u00e9ld\u00e1ul a ResourceSpace, a LogAlto \u00e9s a NextCloud k\u00f6z\u00f6tti integr\u00e1ci\u00f3val, amikor a projektcsapatok a terepr\u0151l f\u00e9nyk\u00e9peket t\u00f6ltenek fel, ezeket a LogAlt\u00f3ban szinte azonnal automatikusan megjel\u00f6lhetik \u00e9s a megfelel\u0151 projekthez csatolhatj\u00e1k.<\/p><p>Kezdje el haszn\u00e1lni az ADRA Source-ot \u00e9s annak hat\u00e9kony integr\u00e1ci\u00f3it m\u00e9g ma.<\/p>\t\t\t\t\t\t\t\t<\/div>\n\t\t\t\t<\/div>\n\t\t\t\t<div class=\"elementor-element elementor-element-7646c76 elementor-widget elementor-widget-spacer\" data-id=\"7646c76\" data-element_type=\"widget\" data-e-type=\"widget\" data-widget_type=\"spacer.default\">\n\t\t\t\t<div class=\"elementor-widget-container\">\n\t\t\t\t\t\t\t<div class=\"elementor-spacer\">\n\t\t\t<div class=\"elementor-spacer-inner\"><\/div>\n\t\t<\/div>\n\t\t\t\t\t\t<\/div>\n\t\t\t\t<\/div>\n\t\t\t\t\t<\/div>\n\t\t<\/div>\n\t\t\t\t\t<\/div>\n\t\t<\/section>\n\t\t\t\t<section data-particle_enable=\"false\" data-particle-mobile-disabled=\"false\" class=\"elementor-section elementor-top-section elementor-element elementor-element-6d14ac5c elementor-section-boxed elementor-section-height-default elementor-section-height-default\" data-id=\"6d14ac5c\" data-element_type=\"section\" data-e-type=\"section\" data-settings=\"{&quot;background_background&quot;:&quot;classic&quot;}\">\n\t\t\t\t\t\t\t<div class=\"elementor-background-overlay\"><\/div>\n\t\t\t\t\t\t\t<div class=\"elementor-container elementor-column-gap-default\">\n\t\t\t\t\t<div class=\"elementor-column elementor-col-50 elementor-top-column elementor-element elementor-element-4efb457c\" data-id=\"4efb457c\" data-element_type=\"column\" data-e-type=\"column\">\n\t\t\t<div class=\"elementor-widget-wrap elementor-element-populated\">\n\t\t\t\t\t\t<div class=\"elementor-element elementor-element-204c6f70 elementor-widget elementor-widget-spacer\" data-id=\"204c6f70\" data-element_type=\"widget\" data-e-type=\"widget\" data-widget_type=\"spacer.default\">\n\t\t\t\t<div class=\"elementor-widget-container\">\n\t\t\t\t\t\t\t<div class=\"elementor-spacer\">\n\t\t\t<div class=\"elementor-spacer-inner\"><\/div>\n\t\t<\/div>\n\t\t\t\t\t\t<\/div>\n\t\t\t\t<\/div>\n\t\t\t\t<div class=\"elementor-element elementor-element-d19b729 elementor-widget elementor-widget-heading\" data-id=\"d19b729\" data-element_type=\"widget\" data-e-type=\"widget\" data-widget_type=\"heading.default\">\n\t\t\t\t<div class=\"elementor-widget-container\">\n\t\t\t\t\t<h2 class=\"elementor-heading-title elementor-size-default\">Feliratkoz\u00e1s<\/h2>\t\t\t\t<\/div>\n\t\t\t\t<\/div>\n\t\t\t\t<div class=\"elementor-element elementor-element-5e119857 elementor-widget elementor-widget-spacer\" data-id=\"5e119857\" data-element_type=\"widget\" data-e-type=\"widget\" data-widget_type=\"spacer.default\">\n\t\t\t\t<div class=\"elementor-widget-container\">\n\t\t\t\t\t\t\t<div class=\"elementor-spacer\">\n\t\t\t<div class=\"elementor-spacer-inner\"><\/div>\n\t\t<\/div>\n\t\t\t\t\t\t<\/div>\n\t\t\t\t<\/div>\n\t\t\t\t<div class=\"elementor-element elementor-element-5424776d elementor-widget elementor-widget-text-editor\" data-id=\"5424776d\" data-element_type=\"widget\" data-e-type=\"widget\" data-widget_type=\"text-editor.default\">\n\t\t\t\t<div class=\"elementor-widget-container\">\n\t\t\t\t\t\t\t\t\t<p>Iratkozzon fel ingyenes tippekre, \u00fatmutat\u00f3kra \u00e9s h\u00edrekre az ADRA Source-r\u00f3l<\/p>\t\t\t\t\t\t\t\t<\/div>\n\t\t\t\t<\/div>\n\t\t\t\t<div class=\"elementor-element elementor-element-164545a4 elementor-hidden-mobile elementor-widget elementor-widget-spacer\" data-id=\"164545a4\" data-element_type=\"widget\" data-e-type=\"widget\" data-widget_type=\"spacer.default\">\n\t\t\t\t<div class=\"elementor-widget-container\">\n\t\t\t\t\t\t\t<div class=\"elementor-spacer\">\n\t\t\t<div class=\"elementor-spacer-inner\"><\/div>\n\t\t<\/div>\n\t\t\t\t\t\t<\/div>\n\t\t\t\t<\/div>\n\t\t\t\t\t<\/div>\n\t\t<\/div>\n\t\t\t\t<div class=\"elementor-column elementor-col-50 elementor-top-column elementor-element elementor-element-6c89458f\" data-id=\"6c89458f\" data-element_type=\"column\" data-e-type=\"column\">\n\t\t\t<div class=\"elementor-widget-wrap elementor-element-populated\">\n\t\t\t\t\t\t<div class=\"elementor-element elementor-element-1f1e4a0f elementor-align-justify elementor-mobile-align-left elementor-widget elementor-widget-button\" data-id=\"1f1e4a0f\" data-element_type=\"widget\" data-e-type=\"widget\" data-widget_type=\"button.default\">\n\t\t\t\t<div class=\"elementor-widget-container\">\n\t\t\t\t\t\t\t\t\t<div class=\"elementor-button-wrapper\">\n\t\t\t\t\t<a class=\"elementor-button elementor-button-link elementor-size-md\" href=\"https:\/\/econnect.adrasource.org\/subscribe-adrasource\/\">\n\t\t\t\t\t\t<span class=\"elementor-button-content-wrapper\">\n\t\t\t\t\t\t\t\t\t<span class=\"elementor-button-text\">T\u00c1MOGAT\u00c1S MOST<\/span>\n\t\t\t\t\t<\/span>\n\t\t\t\t\t<\/a>\n\t\t\t\t<\/div>\n\t\t\t\t\t\t\t\t<\/div>\n\t\t\t\t<\/div>\n\t\t\t\t\t<\/div>\n\t\t<\/div>\n\t\t\t\t\t<\/div>\n\t\t<\/section>\n\t\t\t\t<\/div>","protected":false},"excerpt":{"rendered":"<p>INTEGRATION Skip the double handling of data and duplication of effort through ADRA Source&#8217;s integrated suite of tools. Integration is at the heart of ADRA Source. Without it, even the best apps and technology solutions will require double handling of data and duplication of effort that can become a burden to any organisation. Because ADRA [&hellip;]<\/p>\n","protected":false},"author":27,"featured_media":20853,"parent":20622,"menu_order":1,"comment_status":"closed","ping_status":"closed","template":"","meta":{"_acf_changed":false,"footnotes":""},"class_list":["post-22477","page","type-page","status-publish","has-post-thumbnail","hentry"],"acf":[],"_links":{"self":[{"href":"https:\/\/adrasource.org\/hu\/wp-json\/wp\/v2\/pages\/22477","targetHints":{"allow":["GET"]}}],"collection":[{"href":"https:\/\/adrasource.org\/hu\/wp-json\/wp\/v2\/pages"}],"about":[{"href":"https:\/\/adrasource.org\/hu\/wp-json\/wp\/v2\/types\/page"}],"author":[{"embeddable":true,"href":"https:\/\/adrasource.org\/hu\/wp-json\/wp\/v2\/users\/27"}],"replies":[{"embeddable":true,"href":"https:\/\/adrasource.org\/hu\/wp-json\/wp\/v2\/comments?post=22477"}],"version-history":[{"count":43,"href":"https:\/\/adrasource.org\/hu\/wp-json\/wp\/v2\/pages\/22477\/revisions"}],"predecessor-version":[{"id":25039,"href":"https:\/\/adrasource.org\/hu\/wp-json\/wp\/v2\/pages\/22477\/revisions\/25039"}],"up":[{"embeddable":true,"href":"https:\/\/adrasource.org\/hu\/wp-json\/wp\/v2\/pages\/20622"}],"wp:featuredmedia":[{"embeddable":true,"href":"https:\/\/adrasource.org\/hu\/wp-json\/wp\/v2\/media\/20853"}],"wp:attachment":[{"href":"https:\/\/adrasource.org\/hu\/wp-json\/wp\/v2\/media?parent=22477"}],"curies":[{"name":"wp","href":"https:\/\/api.w.org\/{rel}","templated":true}]}}