{"id":16651,"date":"2021-03-31T10:40:52","date_gmt":"2021-03-31T10:40:52","guid":{"rendered":"https:\/\/adrasource.org\/?page_id=16651"},"modified":"2023-09-29T09:54:53","modified_gmt":"2023-09-29T09:54:53","slug":"register","status":"publish","type":"page","link":"https:\/\/adrasource.org\/hu\/contact\/register","title":{"rendered":"Regisztr\u00e1ci\u00f3"},"content":{"rendered":"<div data-elementor-type=\"wp-page\" data-elementor-id=\"16651\" class=\"elementor elementor-16651\" data-elementor-post-type=\"page\">\n\t\t\t\t\t\t<section data-particle_enable=\"false\" data-particle-mobile-disabled=\"false\" class=\"elementor-section elementor-top-section elementor-element elementor-element-5897cff elementor-section-full_width elementor-section-height-default elementor-section-height-default\" data-id=\"5897cff\" data-element_type=\"section\" data-e-type=\"section\">\n\t\t\t\t\t\t<div class=\"elementor-container elementor-column-gap-default\">\n\t\t\t\t\t<div class=\"elementor-column elementor-col-33 elementor-top-column elementor-element elementor-element-b843502\" data-id=\"b843502\" data-element_type=\"column\" data-e-type=\"column\" data-settings=\"{&quot;background_background&quot;:&quot;classic&quot;}\">\n\t\t\t<div class=\"elementor-widget-wrap\">\n\t\t\t\t\t\t\t<\/div>\n\t\t<\/div>\n\t\t\t\t<div class=\"elementor-column elementor-col-33 elementor-top-column elementor-element elementor-element-1f2c3a0\" data-id=\"1f2c3a0\" data-element_type=\"column\" data-e-type=\"column\" data-settings=\"{&quot;background_background&quot;:&quot;classic&quot;}\">\n\t\t\t<div class=\"elementor-widget-wrap elementor-element-populated\">\n\t\t\t\t\t\t<div class=\"elementor-element elementor-element-e1acc97 elementor-widget elementor-widget-spacer\" data-id=\"e1acc97\" data-element_type=\"widget\" data-e-type=\"widget\" data-widget_type=\"spacer.default\">\n\t\t\t\t<div class=\"elementor-widget-container\">\n\t\t\t\t\t\t\t<div class=\"elementor-spacer\">\n\t\t\t<div class=\"elementor-spacer-inner\"><\/div>\n\t\t<\/div>\n\t\t\t\t\t\t<\/div>\n\t\t\t\t<\/div>\n\t\t\t\t<div class=\"elementor-element elementor-element-68fda7f elementor-widget elementor-widget-heading\" data-id=\"68fda7f\" data-element_type=\"widget\" data-e-type=\"widget\" data-widget_type=\"heading.default\">\n\t\t\t\t<div class=\"elementor-widget-container\">\n\t\t\t\t\t<h2 class=\"elementor-heading-title elementor-size-default\">REGISZTR\u00c1CI\u00d3<\/h2>\t\t\t\t<\/div>\n\t\t\t\t<\/div>\n\t\t\t\t<div class=\"elementor-element elementor-element-f6dabb8 elementor-widget elementor-widget-spacer\" data-id=\"f6dabb8\" data-element_type=\"widget\" data-e-type=\"widget\" data-widget_type=\"spacer.default\">\n\t\t\t\t<div class=\"elementor-widget-container\">\n\t\t\t\t\t\t\t<div class=\"elementor-spacer\">\n\t\t\t<div class=\"elementor-spacer-inner\"><\/div>\n\t\t<\/div>\n\t\t\t\t\t\t<\/div>\n\t\t\t\t<\/div>\n\t\t\t\t<div class=\"elementor-element elementor-element-3626975 elementor-widget elementor-widget-text-editor\" data-id=\"3626975\" data-element_type=\"widget\" data-e-type=\"widget\" data-widget_type=\"text-editor.default\">\n\t\t\t\t<div class=\"elementor-widget-container\">\n\t\t\t\t\t\t\t\t\t<p>Az ADRA Source eszk\u00f6zeihez val\u00f3 egyszer\u0171 hozz\u00e1f\u00e9r\u00e9s \u00e9rdek\u00e9ben az orsz\u00e1gos iroda munkat\u00e1rsait is be kell illesztenie a Directory, Office Manager szolg\u00e1ltat\u00e1sunkba.<\/p>\t\t\t\t\t\t\t\t<\/div>\n\t\t\t\t<\/div>\n\t\t\t\t<div class=\"elementor-element elementor-element-56c0089 elementor-widget elementor-widget-spacer\" data-id=\"56c0089\" data-element_type=\"widget\" data-e-type=\"widget\" data-widget_type=\"spacer.default\">\n\t\t\t\t<div class=\"elementor-widget-container\">\n\t\t\t\t\t\t\t<div class=\"elementor-spacer\">\n\t\t\t<div class=\"elementor-spacer-inner\"><\/div>\n\t\t<\/div>\n\t\t\t\t\t\t<\/div>\n\t\t\t\t<\/div>\n\t\t\t\t<div class=\"elementor-element elementor-element-20f4214 elementor-widget elementor-widget-button\" data-id=\"20f4214\" data-element_type=\"widget\" data-e-type=\"widget\" data-widget_type=\"button.default\">\n\t\t\t\t<div class=\"elementor-widget-container\">\n\t\t\t\t\t\t\t\t\t<div class=\"elementor-button-wrapper\">\n\t\t\t\t\t<a class=\"elementor-button elementor-button-link elementor-size-sm\" href=\"https:\/\/adrasource.org\/wp-content\/uploads\/2023\/06\/User-Registration-Form_ADRA-Source-TEMPLATE.xlsx\">\n\t\t\t\t\t\t<span class=\"elementor-button-content-wrapper\">\n\t\t\t\t\t\t<span class=\"elementor-button-icon\">\n\t\t\t\t<i aria-hidden=\"true\" class=\"fas fa-file-download\"><\/i>\t\t\t<\/span>\n\t\t\t\t\t\t\t\t\t<span class=\"elementor-button-text\">FORMANYOMTATV\u00c1NY LET\u00d6LT\u00c9SE<\/span>\n\t\t\t\t\t<\/span>\n\t\t\t\t\t<\/a>\n\t\t\t\t<\/div>\n\t\t\t\t\t\t\t\t<\/div>\n\t\t\t\t<\/div>\n\t\t\t\t<div class=\"elementor-element elementor-element-67921b4 elementor-widget elementor-widget-spacer\" data-id=\"67921b4\" data-element_type=\"widget\" data-e-type=\"widget\" data-widget_type=\"spacer.default\">\n\t\t\t\t<div class=\"elementor-widget-container\">\n\t\t\t\t\t\t\t<div class=\"elementor-spacer\">\n\t\t\t<div class=\"elementor-spacer-inner\"><\/div>\n\t\t<\/div>\n\t\t\t\t\t\t<\/div>\n\t\t\t\t<\/div>\n\t\t\t\t\t<\/div>\n\t\t<\/div>\n\t\t\t\t<div class=\"elementor-column elementor-col-33 elementor-top-column elementor-element elementor-element-d713c30 elementor-hidden-mobile\" data-id=\"d713c30\" data-element_type=\"column\" data-e-type=\"column\" data-settings=\"{&quot;background_background&quot;:&quot;classic&quot;}\">\n\t\t\t<div class=\"elementor-widget-wrap\">\n\t\t\t\t\t\t\t<\/div>\n\t\t<\/div>\n\t\t\t\t\t<\/div>\n\t\t<\/section>\n\t\t\t\t<section data-particle_enable=\"false\" data-particle-mobile-disabled=\"false\" class=\"elementor-section elementor-top-section elementor-element elementor-element-4834cc1 elementor-section-boxed elementor-section-height-default elementor-section-height-default\" data-id=\"4834cc1\" data-element_type=\"section\" data-e-type=\"section\">\n\t\t\t\t\t\t<div class=\"elementor-container elementor-column-gap-default\">\n\t\t\t\t\t<div class=\"elementor-column elementor-col-50 elementor-top-column elementor-element elementor-element-8718877\" data-id=\"8718877\" data-element_type=\"column\" data-e-type=\"column\">\n\t\t\t<div class=\"elementor-widget-wrap elementor-element-populated\">\n\t\t\t\t\t\t<div class=\"elementor-element elementor-element-c005740 elementor-widget elementor-widget-spacer\" data-id=\"c005740\" data-element_type=\"widget\" data-e-type=\"widget\" data-widget_type=\"spacer.default\">\n\t\t\t\t<div class=\"elementor-widget-container\">\n\t\t\t\t\t\t\t<div class=\"elementor-spacer\">\n\t\t\t<div class=\"elementor-spacer-inner\"><\/div>\n\t\t<\/div>\n\t\t\t\t\t\t<\/div>\n\t\t\t\t<\/div>\n\t\t\t\t<div class=\"elementor-element elementor-element-c27203d elementor-position-inline-start elementor-mobile-position-inline-start elementor-view-default elementor-widget elementor-widget-icon-box\" data-id=\"c27203d\" data-element_type=\"widget\" data-e-type=\"widget\" data-widget_type=\"icon-box.default\">\n\t\t\t\t<div class=\"elementor-widget-container\">\n\t\t\t\t\t\t\t<div class=\"elementor-icon-box-wrapper\">\n\n\t\t\t\t\t\t<div class=\"elementor-icon-box-icon\">\n\t\t\t\t<span  class=\"elementor-icon\">\n\t\t\t\t<i aria-hidden=\"true\" class=\"fas fa-circle\"><\/i>\t\t\t\t<\/span>\n\t\t\t<\/div>\n\t\t\t\n\t\t\t\t\t\t<div class=\"elementor-icon-box-content\">\n\n\t\t\t\t\t\t\t\t\t<h3 class=\"elementor-icon-box-title\">\n\t\t\t\t\t\t<span  >\n\t\t\t\t\t\t\tLet\u00f6lt\u00e9s \u00e9s kit\u00f6lt\u00e9s\t\t\t\t\t\t<\/span>\n\t\t\t\t\t<\/h3>\n\t\t\t\t\n\t\t\t\t\n\t\t\t<\/div>\n\t\t\t\n\t\t<\/div>\n\t\t\t\t\t\t<\/div>\n\t\t\t\t<\/div>\n\t\t\t\t<div class=\"elementor-element elementor-element-dfb6c2d elementor-widget elementor-widget-text-editor\" data-id=\"dfb6c2d\" data-element_type=\"widget\" data-e-type=\"widget\" data-widget_type=\"text-editor.default\">\n\t\t\t\t<div class=\"elementor-widget-container\">\n\t\t\t\t\t\t\t\t\t<p>T\u00f6ltse le a <strong><a href=\"https:\/\/adrasource.org\/wp-content\/uploads\/2023\/06\/User-Registration-Form_ADRA-Source-TEMPLATE.xlsx\">Felhaszn\u00e1l\u00f3i regisztr\u00e1ci\u00f3s \u0171rlap<\/a><\/strong> \u00e9s t\u00f6ltse ki, felt\u00fcntetve az egyes munkat\u00e1rsak adatait \u00e9s azt, hogy milyen eszk\u00f6z\u00f6kh\u00f6z kell hozz\u00e1f\u00e9rni\u00fck.<\/p>\t\t\t\t\t\t\t\t<\/div>\n\t\t\t\t<\/div>\n\t\t\t\t<div class=\"elementor-element elementor-element-19bb425 elementor-absolute elementor-widget elementor-widget-text-editor\" data-id=\"19bb425\" data-element_type=\"widget\" data-e-type=\"widget\" data-settings=\"{&quot;_position&quot;:&quot;absolute&quot;}\" data-widget_type=\"text-editor.default\">\n\t\t\t\t<div class=\"elementor-widget-container\">\n\t\t\t\t\t\t\t\t\t<p>1<\/p>\t\t\t\t\t\t\t\t<\/div>\n\t\t\t\t<\/div>\n\t\t\t\t\t<\/div>\n\t\t<\/div>\n\t\t\t\t<div class=\"elementor-column elementor-col-50 elementor-top-column elementor-element elementor-element-dcd137d\" data-id=\"dcd137d\" data-element_type=\"column\" data-e-type=\"column\">\n\t\t\t<div class=\"elementor-widget-wrap elementor-element-populated\">\n\t\t\t\t\t\t<div class=\"elementor-element elementor-element-4bffe63 elementor-widget elementor-widget-spacer\" data-id=\"4bffe63\" data-element_type=\"widget\" data-e-type=\"widget\" data-widget_type=\"spacer.default\">\n\t\t\t\t<div class=\"elementor-widget-container\">\n\t\t\t\t\t\t\t<div class=\"elementor-spacer\">\n\t\t\t<div class=\"elementor-spacer-inner\"><\/div>\n\t\t<\/div>\n\t\t\t\t\t\t<\/div>\n\t\t\t\t<\/div>\n\t\t\t\t<div class=\"elementor-element elementor-element-bb22a6f elementor-position-inline-start elementor-mobile-position-inline-start elementor-view-default elementor-widget elementor-widget-icon-box\" data-id=\"bb22a6f\" data-element_type=\"widget\" data-e-type=\"widget\" data-widget_type=\"icon-box.default\">\n\t\t\t\t<div class=\"elementor-widget-container\">\n\t\t\t\t\t\t\t<div class=\"elementor-icon-box-wrapper\">\n\n\t\t\t\t\t\t<div class=\"elementor-icon-box-icon\">\n\t\t\t\t<span  class=\"elementor-icon\">\n\t\t\t\t<i aria-hidden=\"true\" class=\"fas fa-circle\"><\/i>\t\t\t\t<\/span>\n\t\t\t<\/div>\n\t\t\t\n\t\t\t\t\t\t<div class=\"elementor-icon-box-content\">\n\n\t\t\t\t\t\t\t\t\t<h3 class=\"elementor-icon-box-title\">\n\t\t\t\t\t\t<span  >\n\t\t\t\t\t\t\tFormanyomtatv\u00e1ny bek\u00fcld\u00e9se\t\t\t\t\t\t<\/span>\n\t\t\t\t\t<\/h3>\n\t\t\t\t\n\t\t\t\t\n\t\t\t<\/div>\n\t\t\t\n\t\t<\/div>\n\t\t\t\t\t\t<\/div>\n\t\t\t\t<\/div>\n\t\t\t\t<div class=\"elementor-element elementor-element-e18e1d0 elementor-widget elementor-widget-text-editor\" data-id=\"e18e1d0\" data-element_type=\"widget\" data-e-type=\"widget\" data-widget_type=\"text-editor.default\">\n\t\t\t\t<div class=\"elementor-widget-container\">\n\t\t\t\t\t\t\t\t\t<p>Miut\u00e1n kit\u00f6lt\u00f6tte az \u0171rlapot, k\u00fcldje el e-mailben a k\u00f6vetkez\u0151 c\u00edmre <strong><a href=\"mailto:support@ADRAsource.org\">support@ADRAsource.org<\/a>.<\/strong> Kapcsolatba l\u00e9p\u00fcnk \u00d6nnel, ha b\u00e1rmilyen tov\u00e1bbi int\u00e9zked\u00e9sre van sz\u00fcks\u00e9g.<\/p>\t\t\t\t\t\t\t\t<\/div>\n\t\t\t\t<\/div>\n\t\t\t\t<div class=\"elementor-element elementor-element-9282c18 elementor-absolute elementor-widget elementor-widget-text-editor\" data-id=\"9282c18\" data-element_type=\"widget\" data-e-type=\"widget\" data-settings=\"{&quot;_position&quot;:&quot;absolute&quot;}\" data-widget_type=\"text-editor.default\">\n\t\t\t\t<div class=\"elementor-widget-container\">\n\t\t\t\t\t\t\t\t\t<p>2<\/p>\t\t\t\t\t\t\t\t<\/div>\n\t\t\t\t<\/div>\n\t\t\t\t\t<\/div>\n\t\t<\/div>\n\t\t\t\t\t<\/div>\n\t\t<\/section>\n\t\t\t\t<section data-particle_enable=\"false\" data-particle-mobile-disabled=\"false\" class=\"elementor-section elementor-top-section elementor-element elementor-element-93d8c05 elementor-section-boxed elementor-section-height-default elementor-section-height-default\" data-id=\"93d8c05\" data-element_type=\"section\" data-e-type=\"section\">\n\t\t\t\t\t\t<div class=\"elementor-container elementor-column-gap-default\">\n\t\t\t\t\t<div class=\"elementor-column elementor-col-100 elementor-top-column elementor-element elementor-element-e494594\" data-id=\"e494594\" data-element_type=\"column\" data-e-type=\"column\">\n\t\t\t<div class=\"elementor-widget-wrap elementor-element-populated\">\n\t\t\t\t\t\t<div class=\"elementor-element elementor-element-58a6325 elementor-widget elementor-widget-spacer\" data-id=\"58a6325\" data-element_type=\"widget\" data-e-type=\"widget\" data-widget_type=\"spacer.default\">\n\t\t\t\t<div class=\"elementor-widget-container\">\n\t\t\t\t\t\t\t<div class=\"elementor-spacer\">\n\t\t\t<div class=\"elementor-spacer-inner\"><\/div>\n\t\t<\/div>\n\t\t\t\t\t\t<\/div>\n\t\t\t\t<\/div>\n\t\t\t\t<div class=\"elementor-element elementor-element-810da0e elementor-widget-divider--view-line elementor-widget elementor-widget-divider\" data-id=\"810da0e\" data-element_type=\"widget\" data-e-type=\"widget\" data-widget_type=\"divider.default\">\n\t\t\t\t<div class=\"elementor-widget-container\">\n\t\t\t\t\t\t\t<div class=\"elementor-divider\">\n\t\t\t<span class=\"elementor-divider-separator\">\n\t\t\t\t\t\t<\/span>\n\t\t<\/div>\n\t\t\t\t\t\t<\/div>\n\t\t\t\t<\/div>\n\t\t\t\t<div class=\"elementor-element elementor-element-9f8da26 elementor-widget elementor-widget-spacer\" data-id=\"9f8da26\" data-element_type=\"widget\" data-e-type=\"widget\" data-widget_type=\"spacer.default\">\n\t\t\t\t<div class=\"elementor-widget-container\">\n\t\t\t\t\t\t\t<div class=\"elementor-spacer\">\n\t\t\t<div class=\"elementor-spacer-inner\"><\/div>\n\t\t<\/div>\n\t\t\t\t\t\t<\/div>\n\t\t\t\t<\/div>\n\t\t\t\t<div class=\"elementor-element elementor-element-2fa771e elementor-widget elementor-widget-text-editor\" data-id=\"2fa771e\" data-element_type=\"widget\" data-e-type=\"widget\" data-widget_type=\"text-editor.default\">\n\t\t\t\t<div class=\"elementor-widget-container\">\n\t\t\t\t\t\t\t\t\t<p>Mi\u00f3ta elind\u00edtottuk a <strong><a href=\"https:\/\/adrasource.org\/hu\/directory\/\">C\u00edmt\u00e1r<\/a><\/strong>, irodavezet\u0151, mostant\u00f3l k\u00f6nnyed\u00e9n felveheti az orsz\u00e1gos iroda \u00f6sszes munkat\u00e1rs\u00e1t, hogy egyetlen bejelentkez\u00e9ssel hozz\u00e1f\u00e9rjenek t\u00f6bb ADRA Source eszk\u00f6zh\u00f6z.<\/p><p>Ezek az alap\u00e9rtelmezett eszk\u00f6z\u00f6k a k\u00f6vetkez\u0151k:<\/p><ul><li><strong><a href=\"https:\/\/adrasource.org\/hu\/community\/\">K\u00f6z\u00f6ss\u00e9g<\/a><\/strong> (HumHub)<\/li><li><strong><a href=\"https:\/\/adrasource.org\/hu\/drive\/\">Hajt\u00f3m\u0171<\/a><\/strong> (NextCloud)<\/li><li><strong><a href=\"https:\/\/adrasource.org\/hu\/media\/\">M\u00e9dia<\/a><\/strong> (ResourceSpace)<\/li><li><strong><a href=\"https:\/\/adrasource.org\/hu\/projects\/\">Projektek<\/a><\/strong> (LogAlto)<\/li><\/ul>\t\t\t\t\t\t\t\t<\/div>\n\t\t\t\t<\/div>\n\t\t\t\t<div class=\"elementor-element elementor-element-4ca526a elementor-widget elementor-widget-spacer\" data-id=\"4ca526a\" data-element_type=\"widget\" data-e-type=\"widget\" data-widget_type=\"spacer.default\">\n\t\t\t\t<div class=\"elementor-widget-container\">\n\t\t\t\t\t\t\t<div class=\"elementor-spacer\">\n\t\t\t<div class=\"elementor-spacer-inner\"><\/div>\n\t\t<\/div>\n\t\t\t\t\t\t<\/div>\n\t\t\t\t<\/div>\n\t\t\t\t<div class=\"elementor-element elementor-element-ff08f67 elementor-widget elementor-widget-text-editor\" data-id=\"ff08f67\" data-element_type=\"widget\" data-e-type=\"widget\" data-widget_type=\"text-editor.default\">\n\t\t\t\t<div class=\"elementor-widget-container\">\n\t\t\t\t\t\t\t\t\t<p>Azt is kiv\u00e1laszthatja, hogy mely munkat\u00e1rsak f\u00e9rjenek hozz\u00e1 az ADRA WordPress-hez. <strong><a href=\"https:\/\/adrasource.org\/hu\/website\/\">Weboldal<\/a><\/strong> (Ha m\u00e9g nem rendelkezik ilyennel, mi be\u00e1ll\u00edthatjuk), \u00e9s jelezze, hogy szeretn\u00e9-e, hogy az ADRA Source be\u00e1ll\u00edtsa <strong><a href=\"https:\/\/adrasource.org\/hu\/email\/\">E-mail<\/a><\/strong> a TechSoup\/Microsoft vagy az ADRA szolg\u00e1ltat\u00e1sai. Ha ezeket a bek\u00fcld\u00f6tt \u0171rlapon jelezte, felvessz\u00fck \u00d6nnel a kapcsolatot, ha tov\u00e1bbi l\u00e9p\u00e9sekre van sz\u00fcks\u00e9g.<\/p><p>Megjegyz\u00e9s: K\u00e9rj\u00fck, jel\u00f6lj\u00f6n ki egy vagy t\u00f6bb szem\u00e9lyt az irod\u00e1j\u00e1ban, mint <em>Szem\u00e9lyzeti vezet\u0151<\/em> hogy ezeket a felhaszn\u00e1l\u00f3kat a c\u00edmt\u00e1runkban, az Office Managerben kezelje.<\/p><p><em>Ha az \u00d6n orsz\u00e1gos irod\u00e1ja szeretne hozz\u00e1f\u00e9rni a <strong><a href=\"https:\/\/adrasource.org\/hu\/adra-marketing\/\">Marketing<\/a><\/strong> vagy <strong><a href=\"https:\/\/adrasource.org\/hu\/adra-admin\/\">Admin<\/a><\/strong> Hubs, k\u00e9rj\u00fck, \u00edrjon e-mailt <a href=\"mailto:support@ADRAsource.org\">support@ADRAsource.org<\/a> mivel ezek az eszk\u00f6z\u00f6k tov\u00e1bbi folyamatot ig\u00e9nyelnek.<\/em><\/p><p>Ha b\u00e1rmilyen tov\u00e1bbi k\u00e9rd\u00e9se van, k\u00e9rj\u00fck, forduljon hozz\u00e1nk bizalommal.<\/p>\t\t\t\t\t\t\t\t<\/div>\n\t\t\t\t<\/div>\n\t\t\t\t<div class=\"elementor-element elementor-element-de73d0c elementor-widget elementor-widget-spacer\" data-id=\"de73d0c\" data-element_type=\"widget\" data-e-type=\"widget\" data-widget_type=\"spacer.default\">\n\t\t\t\t<div class=\"elementor-widget-container\">\n\t\t\t\t\t\t\t<div class=\"elementor-spacer\">\n\t\t\t<div class=\"elementor-spacer-inner\"><\/div>\n\t\t<\/div>\n\t\t\t\t\t\t<\/div>\n\t\t\t\t<\/div>\n\t\t\t\t\t<\/div>\n\t\t<\/div>\n\t\t\t\t\t<\/div>\n\t\t<\/section>\n\t\t\t\t<\/div>","protected":false},"excerpt":{"rendered":"<p>REGISTER Onboard your country office&#8217;s staff in our Directory, Office Manager, to easily access ADRA Source&#8217;s tools DOWNLOAD FORM Download &#038; Fill Form Download the User Registration Form and fill it out indicating each staff&#8217;s details and what tools they should have access to. 1 Submit Form Once you have completed the form, send via [&hellip;]<\/p>\n","protected":false},"author":27,"featured_media":20853,"parent":16399,"menu_order":1,"comment_status":"closed","ping_status":"closed","template":"","meta":{"_acf_changed":false,"footnotes":""},"class_list":["post-16651","page","type-page","status-publish","has-post-thumbnail","hentry"],"acf":[],"_links":{"self":[{"href":"https:\/\/adrasource.org\/hu\/wp-json\/wp\/v2\/pages\/16651","targetHints":{"allow":["GET"]}}],"collection":[{"href":"https:\/\/adrasource.org\/hu\/wp-json\/wp\/v2\/pages"}],"about":[{"href":"https:\/\/adrasource.org\/hu\/wp-json\/wp\/v2\/types\/page"}],"author":[{"embeddable":true,"href":"https:\/\/adrasource.org\/hu\/wp-json\/wp\/v2\/users\/27"}],"replies":[{"embeddable":true,"href":"https:\/\/adrasource.org\/hu\/wp-json\/wp\/v2\/comments?post=16651"}],"version-history":[{"count":50,"href":"https:\/\/adrasource.org\/hu\/wp-json\/wp\/v2\/pages\/16651\/revisions"}],"predecessor-version":[{"id":23475,"href":"https:\/\/adrasource.org\/hu\/wp-json\/wp\/v2\/pages\/16651\/revisions\/23475"}],"up":[{"embeddable":true,"href":"https:\/\/adrasource.org\/hu\/wp-json\/wp\/v2\/pages\/16399"}],"wp:featuredmedia":[{"embeddable":true,"href":"https:\/\/adrasource.org\/hu\/wp-json\/wp\/v2\/media\/20853"}],"wp:attachment":[{"href":"https:\/\/adrasource.org\/hu\/wp-json\/wp\/v2\/media?parent=16651"}],"curies":[{"name":"wp","href":"https:\/\/api.w.org\/{rel}","templated":true}]}}