{"id":22477,"date":"2023-08-10T10:53:09","date_gmt":"2023-08-10T10:53:09","guid":{"rendered":"https:\/\/adrasource.org\/?page_id=22477"},"modified":"2025-06-19T02:02:39","modified_gmt":"2025-06-19T02:02:39","slug":"integration","status":"publish","type":"page","link":"https:\/\/adrasource.org\/fr\/about\/integration","title":{"rendered":"Int\u00e9gration"},"content":{"rendered":"<div data-elementor-type=\"wp-page\" data-elementor-id=\"22477\" class=\"elementor elementor-22477\" data-elementor-post-type=\"page\">\n\t\t\t\t\t\t<section data-particle_enable=\"false\" data-particle-mobile-disabled=\"false\" class=\"elementor-section elementor-top-section elementor-element elementor-element-51c8d3f elementor-section-full_width elementor-section-height-default elementor-section-height-default\" data-id=\"51c8d3f\" data-element_type=\"section\" data-e-type=\"section\">\n\t\t\t\t\t\t<div class=\"elementor-container elementor-column-gap-default\">\n\t\t\t\t\t<div class=\"elementor-column elementor-col-33 elementor-top-column elementor-element elementor-element-cabb136\" data-id=\"cabb136\" data-element_type=\"column\" data-e-type=\"column\" data-settings=\"{&quot;background_background&quot;:&quot;classic&quot;}\">\n\t\t\t<div class=\"elementor-widget-wrap\">\n\t\t\t\t\t\t\t<\/div>\n\t\t<\/div>\n\t\t\t\t<div class=\"elementor-column elementor-col-33 elementor-top-column elementor-element elementor-element-6acd3e0\" data-id=\"6acd3e0\" data-element_type=\"column\" data-e-type=\"column\" data-settings=\"{&quot;background_background&quot;:&quot;classic&quot;}\">\n\t\t\t<div class=\"elementor-widget-wrap elementor-element-populated\">\n\t\t\t\t\t\t<div class=\"elementor-element elementor-element-e74cc65 elementor-widget elementor-widget-spacer\" data-id=\"e74cc65\" data-element_type=\"widget\" data-e-type=\"widget\" data-widget_type=\"spacer.default\">\n\t\t\t\t<div class=\"elementor-widget-container\">\n\t\t\t\t\t\t\t<div class=\"elementor-spacer\">\n\t\t\t<div class=\"elementor-spacer-inner\"><\/div>\n\t\t<\/div>\n\t\t\t\t\t\t<\/div>\n\t\t\t\t<\/div>\n\t\t\t\t<div class=\"elementor-element elementor-element-9ac0834 elementor-widget elementor-widget-image\" data-id=\"9ac0834\" data-element_type=\"widget\" data-e-type=\"widget\" data-widget_type=\"image.default\">\n\t\t\t\t<div class=\"elementor-widget-container\">\n\t\t\t\t\t\t\t\t\t\t\t\t\t\t\t<img decoding=\"async\" src=\"https:\/\/adrasource.org\/wp-content\/uploads\/elementor\/thumbs\/ADRA-Source-Logo-White-pww4glgtigbr01gpgbxb5tdrapjyxln6jaz10ixy8w.png\" title=\"Logo ADRA Source (blanc)\" alt=\"ADRA Source Logo (White)\" loading=\"lazy\" \/>\t\t\t\t\t\t\t\t\t\t\t\t\t\t\t<\/div>\n\t\t\t\t<\/div>\n\t\t\t\t<div class=\"elementor-element elementor-element-07b2972 elementor-widget elementor-widget-spacer\" data-id=\"07b2972\" data-element_type=\"widget\" data-e-type=\"widget\" data-widget_type=\"spacer.default\">\n\t\t\t\t<div class=\"elementor-widget-container\">\n\t\t\t\t\t\t\t<div class=\"elementor-spacer\">\n\t\t\t<div class=\"elementor-spacer-inner\"><\/div>\n\t\t<\/div>\n\t\t\t\t\t\t<\/div>\n\t\t\t\t<\/div>\n\t\t\t\t<div class=\"elementor-element elementor-element-6ce3907 elementor-widget elementor-widget-heading\" data-id=\"6ce3907\" data-element_type=\"widget\" data-e-type=\"widget\" data-widget_type=\"heading.default\">\n\t\t\t\t<div class=\"elementor-widget-container\">\n\t\t\t\t\t<h2 class=\"elementor-heading-title elementor-size-default\">INTEGRATION<\/h2>\t\t\t\t<\/div>\n\t\t\t\t<\/div>\n\t\t\t\t<div class=\"elementor-element elementor-element-48bb6a6 elementor-widget elementor-widget-spacer\" data-id=\"48bb6a6\" data-element_type=\"widget\" data-e-type=\"widget\" data-widget_type=\"spacer.default\">\n\t\t\t\t<div class=\"elementor-widget-container\">\n\t\t\t\t\t\t\t<div class=\"elementor-spacer\">\n\t\t\t<div class=\"elementor-spacer-inner\"><\/div>\n\t\t<\/div>\n\t\t\t\t\t\t<\/div>\n\t\t\t\t<\/div>\n\t\t\t\t<div class=\"elementor-element elementor-element-12a2280 elementor-widget elementor-widget-text-editor\" data-id=\"12a2280\" data-element_type=\"widget\" data-e-type=\"widget\" data-widget_type=\"text-editor.default\">\n\t\t\t\t<div class=\"elementor-widget-container\">\n\t\t\t\t\t\t\t\t\t<p>\u00c9vitez le double traitement des donn\u00e9es et la duplication des efforts gr\u00e2ce \u00e0 la suite int\u00e9gr\u00e9e d'outils d'ADRA Source.<\/p>\t\t\t\t\t\t\t\t<\/div>\n\t\t\t\t<\/div>\n\t\t\t\t<div class=\"elementor-element elementor-element-04de131 elementor-widget elementor-widget-spacer\" data-id=\"04de131\" data-element_type=\"widget\" data-e-type=\"widget\" data-widget_type=\"spacer.default\">\n\t\t\t\t<div class=\"elementor-widget-container\">\n\t\t\t\t\t\t\t<div class=\"elementor-spacer\">\n\t\t\t<div class=\"elementor-spacer-inner\"><\/div>\n\t\t<\/div>\n\t\t\t\t\t\t<\/div>\n\t\t\t\t<\/div>\n\t\t\t\t\t<\/div>\n\t\t<\/div>\n\t\t\t\t<div class=\"elementor-column elementor-col-33 elementor-top-column elementor-element elementor-element-d5c105b elementor-hidden-mobile\" data-id=\"d5c105b\" data-element_type=\"column\" data-e-type=\"column\" data-settings=\"{&quot;background_background&quot;:&quot;classic&quot;}\">\n\t\t\t<div class=\"elementor-widget-wrap\">\n\t\t\t\t\t\t\t<\/div>\n\t\t<\/div>\n\t\t\t\t\t<\/div>\n\t\t<\/section>\n\t\t\t\t<section data-particle_enable=\"false\" data-particle-mobile-disabled=\"false\" class=\"elementor-section elementor-top-section elementor-element elementor-element-1d9d6d0 elementor-section-full_width elementor-section-height-default elementor-section-height-default\" data-id=\"1d9d6d0\" data-element_type=\"section\" data-e-type=\"section\">\n\t\t\t\t\t\t<div class=\"elementor-container elementor-column-gap-no\">\n\t\t\t\t\t<div class=\"elementor-column elementor-col-25 elementor-top-column elementor-element elementor-element-2cb4fb4\" data-id=\"2cb4fb4\" data-element_type=\"column\" data-e-type=\"column\" data-settings=\"{&quot;background_background&quot;:&quot;classic&quot;}\">\n\t\t\t<div class=\"elementor-widget-wrap elementor-element-populated\">\n\t\t\t\t\t\t<div class=\"elementor-element elementor-element-644f2ea elementor-widget elementor-widget-spacer\" data-id=\"644f2ea\" data-element_type=\"widget\" data-e-type=\"widget\" data-widget_type=\"spacer.default\">\n\t\t\t\t<div class=\"elementor-widget-container\">\n\t\t\t\t\t\t\t<div class=\"elementor-spacer\">\n\t\t\t<div class=\"elementor-spacer-inner\"><\/div>\n\t\t<\/div>\n\t\t\t\t\t\t<\/div>\n\t\t\t\t<\/div>\n\t\t\t\t\t<\/div>\n\t\t<\/div>\n\t\t\t\t<div class=\"elementor-column elementor-col-25 elementor-top-column elementor-element elementor-element-d691fd3\" data-id=\"d691fd3\" data-element_type=\"column\" data-e-type=\"column\" data-settings=\"{&quot;background_background&quot;:&quot;classic&quot;}\">\n\t\t\t<div class=\"elementor-widget-wrap elementor-element-populated\">\n\t\t\t\t\t\t<div class=\"elementor-element elementor-element-fbeb2a9 elementor-widget elementor-widget-spacer\" data-id=\"fbeb2a9\" data-element_type=\"widget\" data-e-type=\"widget\" data-widget_type=\"spacer.default\">\n\t\t\t\t<div class=\"elementor-widget-container\">\n\t\t\t\t\t\t\t<div class=\"elementor-spacer\">\n\t\t\t<div class=\"elementor-spacer-inner\"><\/div>\n\t\t<\/div>\n\t\t\t\t\t\t<\/div>\n\t\t\t\t<\/div>\n\t\t\t\t\t<\/div>\n\t\t<\/div>\n\t\t\t\t<div class=\"elementor-column elementor-col-25 elementor-top-column elementor-element elementor-element-c2c983d\" data-id=\"c2c983d\" data-element_type=\"column\" data-e-type=\"column\" data-settings=\"{&quot;background_background&quot;:&quot;classic&quot;}\">\n\t\t\t<div class=\"elementor-widget-wrap elementor-element-populated\">\n\t\t\t\t\t\t<div class=\"elementor-element elementor-element-38645c0 elementor-widget elementor-widget-spacer\" data-id=\"38645c0\" data-element_type=\"widget\" data-e-type=\"widget\" data-widget_type=\"spacer.default\">\n\t\t\t\t<div class=\"elementor-widget-container\">\n\t\t\t\t\t\t\t<div class=\"elementor-spacer\">\n\t\t\t<div class=\"elementor-spacer-inner\"><\/div>\n\t\t<\/div>\n\t\t\t\t\t\t<\/div>\n\t\t\t\t<\/div>\n\t\t\t\t\t<\/div>\n\t\t<\/div>\n\t\t\t\t<div class=\"elementor-column elementor-col-25 elementor-top-column elementor-element elementor-element-5261235\" data-id=\"5261235\" data-element_type=\"column\" data-e-type=\"column\" data-settings=\"{&quot;background_background&quot;:&quot;classic&quot;}\">\n\t\t\t<div class=\"elementor-widget-wrap elementor-element-populated\">\n\t\t\t\t\t\t<div class=\"elementor-element elementor-element-c5d6175 elementor-widget elementor-widget-spacer\" data-id=\"c5d6175\" data-element_type=\"widget\" data-e-type=\"widget\" data-widget_type=\"spacer.default\">\n\t\t\t\t<div class=\"elementor-widget-container\">\n\t\t\t\t\t\t\t<div class=\"elementor-spacer\">\n\t\t\t<div class=\"elementor-spacer-inner\"><\/div>\n\t\t<\/div>\n\t\t\t\t\t\t<\/div>\n\t\t\t\t<\/div>\n\t\t\t\t\t<\/div>\n\t\t<\/div>\n\t\t\t\t\t<\/div>\n\t\t<\/section>\n\t\t\t\t<section data-particle_enable=\"false\" data-particle-mobile-disabled=\"false\" class=\"elementor-section elementor-top-section elementor-element elementor-element-b3e3c64 elementor-section-boxed elementor-section-height-default elementor-section-height-default\" data-id=\"b3e3c64\" data-element_type=\"section\" data-e-type=\"section\">\n\t\t\t\t\t\t<div class=\"elementor-container elementor-column-gap-default\">\n\t\t\t\t\t<div class=\"elementor-column elementor-col-100 elementor-top-column elementor-element elementor-element-e6653d1\" data-id=\"e6653d1\" data-element_type=\"column\" data-e-type=\"column\">\n\t\t\t<div class=\"elementor-widget-wrap elementor-element-populated\">\n\t\t\t\t\t\t<div class=\"elementor-element elementor-element-7bbe0d6 elementor-widget elementor-widget-spacer\" data-id=\"7bbe0d6\" data-element_type=\"widget\" data-e-type=\"widget\" data-widget_type=\"spacer.default\">\n\t\t\t\t<div class=\"elementor-widget-container\">\n\t\t\t\t\t\t\t<div class=\"elementor-spacer\">\n\t\t\t<div class=\"elementor-spacer-inner\"><\/div>\n\t\t<\/div>\n\t\t\t\t\t\t<\/div>\n\t\t\t\t<\/div>\n\t\t\t\t<div class=\"elementor-element elementor-element-82ee5b2 elementor-widget elementor-widget-text-editor\" data-id=\"82ee5b2\" data-element_type=\"widget\" data-e-type=\"widget\" data-widget_type=\"text-editor.default\">\n\t\t\t\t<div class=\"elementor-widget-container\">\n\t\t\t\t\t\t\t\t\t<p>L'int\u00e9gration est au c\u0153ur d'ADRA Source. Sans elle, m\u00eame les meilleures applications et solutions technologiques n\u00e9cessiteront un double traitement des donn\u00e9es et une duplication des efforts qui peuvent devenir un fardeau pour toute organisation.<\/p><p>Parce qu'ADRA Source est pour ADRA, par ADRA, chaque outil disponible est soigneusement choisi pour s'assurer qu'il fonctionne comme ADRA et qu'il s'int\u00e8gre aux outils d\u00e9j\u00e0 en place.<\/p><p>En bref, les outils int\u00e9gr\u00e9s qui composent la suite ADRA Source peuvent rendre votre bureau ADRA plus performant - ce qui signifie plus de temps consacr\u00e9 aux vies chang\u00e9es gr\u00e2ce \u00e0 votre service \u00e0 l'humanit\u00e9.<\/p>\t\t\t\t\t\t\t\t<\/div>\n\t\t\t\t<\/div>\n\t\t\t\t<div class=\"elementor-element elementor-element-5277f71 elementor-widget elementor-widget-spacer\" data-id=\"5277f71\" data-element_type=\"widget\" data-e-type=\"widget\" data-widget_type=\"spacer.default\">\n\t\t\t\t<div class=\"elementor-widget-container\">\n\t\t\t\t\t\t\t<div class=\"elementor-spacer\">\n\t\t\t<div class=\"elementor-spacer-inner\"><\/div>\n\t\t<\/div>\n\t\t\t\t\t\t<\/div>\n\t\t\t\t<\/div>\n\t\t\t\t<div class=\"elementor-element elementor-element-40fdaec elementor-widget elementor-widget-text-editor\" data-id=\"40fdaec\" data-element_type=\"widget\" data-e-type=\"widget\" data-widget_type=\"text-editor.default\">\n\t\t\t\t<div class=\"elementor-widget-container\">\n\t\t\t\t\t\t\t\t\t<p>L'int\u00e9gration d\u00e8s le d\u00e9part<\/p>\t\t\t\t\t\t\t\t<\/div>\n\t\t\t\t<\/div>\n\t\t\t\t<div class=\"elementor-element elementor-element-cd7e6a0 elementor-widget elementor-widget-text-editor\" data-id=\"cd7e6a0\" data-element_type=\"widget\" data-e-type=\"widget\" data-widget_type=\"text-editor.default\">\n\t\t\t\t<div class=\"elementor-widget-container\">\n\t\t\t\t\t\t\t\t\t<p>D\u00e8s que vous commencez \u00e0 utiliser ADRA Source et que vous vous connectez \u00e0 votre <a href=\"https:\/\/dashboard.adra.cloud\/\"><strong>Tableau de bord<\/strong><\/a>Vous verrez un extrait de ce que signifie cette int\u00e9gration.<\/p>\t\t\t\t\t\t\t\t<\/div>\n\t\t\t\t<\/div>\n\t\t\t\t<div class=\"elementor-element elementor-element-04881ca elementor-widget elementor-widget-image\" data-id=\"04881ca\" data-element_type=\"widget\" data-e-type=\"widget\" data-widget_type=\"image.default\">\n\t\t\t\t<div class=\"elementor-widget-container\">\n\t\t\t\t\t\t\t\t\t\t\t\t\t\t\t<img fetchpriority=\"high\" decoding=\"async\" width=\"800\" height=\"427\" src=\"https:\/\/adrasource.org\/wp-content\/uploads\/2023\/08\/Screen-Shot-2023-08-10-at-6.15.26-pm-1024x546.png\" class=\"attachment-large size-large wp-image-22487\" alt=\"\" srcset=\"https:\/\/adrasource.org\/wp-content\/uploads\/2023\/08\/Screen-Shot-2023-08-10-at-6.15.26-pm-1024x546.png 1024w, https:\/\/adrasource.org\/wp-content\/uploads\/2023\/08\/Screen-Shot-2023-08-10-at-6.15.26-pm-300x160.png 300w, https:\/\/adrasource.org\/wp-content\/uploads\/2023\/08\/Screen-Shot-2023-08-10-at-6.15.26-pm-768x409.png 768w, https:\/\/adrasource.org\/wp-content\/uploads\/2023\/08\/Screen-Shot-2023-08-10-at-6.15.26-pm-18x10.png 18w, https:\/\/adrasource.org\/wp-content\/uploads\/2023\/08\/Screen-Shot-2023-08-10-at-6.15.26-pm.png 1437w\" sizes=\"(max-width: 800px) 100vw, 800px\" \/>\t\t\t\t\t\t\t\t\t\t\t\t\t\t\t<\/div>\n\t\t\t\t<\/div>\n\t\t\t\t<div class=\"elementor-element elementor-element-bc410e6 elementor-widget elementor-widget-spacer\" data-id=\"bc410e6\" data-element_type=\"widget\" data-e-type=\"widget\" data-widget_type=\"spacer.default\">\n\t\t\t\t<div class=\"elementor-widget-container\">\n\t\t\t\t\t\t\t<div class=\"elementor-spacer\">\n\t\t\t<div class=\"elementor-spacer-inner\"><\/div>\n\t\t<\/div>\n\t\t\t\t\t\t<\/div>\n\t\t\t\t<\/div>\n\t\t\t\t<div class=\"elementor-element elementor-element-de999ac elementor-widget elementor-widget-text-editor\" data-id=\"de999ac\" data-element_type=\"widget\" data-e-type=\"widget\" data-widget_type=\"text-editor.default\">\n\t\t\t\t<div class=\"elementor-widget-container\">\n\t\t\t\t\t\t\t\t\t<p>Gr\u00e2ce \u00e0 notre syst\u00e8me d'authentification unique (Single Sign-On SSO) (<a href=\"https:\/\/adrasource.org\/fr\/register\/\"><strong>S'INSCRIRE<\/strong><\/a> ), vous aurez un acc\u00e8s direct \u00e0 tous vos outils, tels que HumHub, NextCloud, LogAlto, ResourceSpace et bien d'autres, d'un simple clic.<\/p>\t\t\t\t\t\t\t\t<\/div>\n\t\t\t\t<\/div>\n\t\t\t\t<div class=\"elementor-element elementor-element-e30cae7 elementor-widget elementor-widget-spacer\" data-id=\"e30cae7\" data-element_type=\"widget\" data-e-type=\"widget\" data-widget_type=\"spacer.default\">\n\t\t\t\t<div class=\"elementor-widget-container\">\n\t\t\t\t\t\t\t<div class=\"elementor-spacer\">\n\t\t\t<div class=\"elementor-spacer-inner\"><\/div>\n\t\t<\/div>\n\t\t\t\t\t\t<\/div>\n\t\t\t\t<\/div>\n\t\t\t\t<div class=\"elementor-element elementor-element-ae30b99 elementor-widget elementor-widget-text-editor\" data-id=\"ae30b99\" data-element_type=\"widget\" data-e-type=\"widget\" data-widget_type=\"text-editor.default\">\n\t\t\t\t<div class=\"elementor-widget-container\">\n\t\t\t\t\t\t\t\t\t<p>Tirer le meilleur parti de l'int\u00e9gration d'ADRA Source<\/p>\t\t\t\t\t\t\t\t<\/div>\n\t\t\t\t<\/div>\n\t\t\t\t<div class=\"elementor-element elementor-element-c267941 elementor-widget elementor-widget-text-editor\" data-id=\"c267941\" data-element_type=\"widget\" data-e-type=\"widget\" data-widget_type=\"text-editor.default\">\n\t\t\t\t<div class=\"elementor-widget-container\">\n\t\t\t\t\t\t\t\t\t<p>Une fois que vous et votre bureau avez \u00e9t\u00e9 \u00e9quip\u00e9s des outils ADRA Source n\u00e9cessaires, vous pourrez utiliser les puissantes int\u00e9grations propos\u00e9es.<\/p>\t\t\t\t\t\t\t\t<\/div>\n\t\t\t\t<\/div>\n\t\t\t\t<div class=\"elementor-element elementor-element-44f34b0 elementor-widget elementor-widget-image\" data-id=\"44f34b0\" data-element_type=\"widget\" data-e-type=\"widget\" data-widget_type=\"image.default\">\n\t\t\t\t<div class=\"elementor-widget-container\">\n\t\t\t\t\t\t\t\t\t\t\t\t\t\t\t<img decoding=\"async\" width=\"800\" height=\"566\" src=\"https:\/\/adrasource.org\/wp-content\/uploads\/2024\/10\/ADRA-Source-Suite-Integration_Infrographic-1024x724.png\" class=\"attachment-large size-large wp-image-24911\" alt=\"\" srcset=\"https:\/\/adrasource.org\/wp-content\/uploads\/2024\/10\/ADRA-Source-Suite-Integration_Infrographic-1024x724.png 1024w, https:\/\/adrasource.org\/wp-content\/uploads\/2024\/10\/ADRA-Source-Suite-Integration_Infrographic-300x212.png 300w, https:\/\/adrasource.org\/wp-content\/uploads\/2024\/10\/ADRA-Source-Suite-Integration_Infrographic-768x543.png 768w, https:\/\/adrasource.org\/wp-content\/uploads\/2024\/10\/ADRA-Source-Suite-Integration_Infrographic-1536x1086.png 1536w, https:\/\/adrasource.org\/wp-content\/uploads\/2024\/10\/ADRA-Source-Suite-Integration_Infrographic-2048x1448.png 2048w, https:\/\/adrasource.org\/wp-content\/uploads\/2024\/10\/ADRA-Source-Suite-Integration_Infrographic-18x12.png 18w\" sizes=\"(max-width: 800px) 100vw, 800px\" \/>\t\t\t\t\t\t\t\t\t\t\t\t\t\t\t<\/div>\n\t\t\t\t<\/div>\n\t\t\t\t<div class=\"elementor-element elementor-element-d329afc elementor-widget elementor-widget-spacer\" data-id=\"d329afc\" data-element_type=\"widget\" data-e-type=\"widget\" data-widget_type=\"spacer.default\">\n\t\t\t\t<div class=\"elementor-widget-container\">\n\t\t\t\t\t\t\t<div class=\"elementor-spacer\">\n\t\t\t<div class=\"elementor-spacer-inner\"><\/div>\n\t\t<\/div>\n\t\t\t\t\t\t<\/div>\n\t\t\t\t<\/div>\n\t\t\t\t<div class=\"elementor-element elementor-element-0d91875 elementor-widget elementor-widget-text-editor\" data-id=\"0d91875\" data-element_type=\"widget\" data-e-type=\"widget\" data-widget_type=\"text-editor.default\">\n\t\t\t\t<div class=\"elementor-widget-container\">\n\t\t\t\t\t\t\t\t\t<p>Fonctionnement de l'int\u00e9gration<\/p>\t\t\t\t\t\t\t\t<\/div>\n\t\t\t\t<\/div>\n\t\t\t\t<div class=\"elementor-element elementor-element-25f2976 elementor-widget elementor-widget-text-editor\" data-id=\"25f2976\" data-element_type=\"widget\" data-e-type=\"widget\" data-widget_type=\"text-editor.default\">\n\t\t\t\t<div class=\"elementor-widget-container\">\n\t\t\t\t\t\t\t\t\t<p>Soutenue par une \u00e9quipe d'experts en technologie, la suite d'outils d'ADRA Source est choisie, personnalis\u00e9e et livr\u00e9e au r\u00e9seau ADRA en tenant compte de l'int\u00e9gration. Cette technologie permet aux informations - telles que les images, les donn\u00e9es financi\u00e8res et autres - de circuler entre les outils sans que personne n'ait \u00e0 faire de copier-coller. Elle permet \u00e0 votre \u00e9quipe d'\u00e9conomiser du temps et de l'argent.<\/p><p>Par exemple, gr\u00e2ce aux int\u00e9grations entre ResourceSpace, LogAlto et NextCloud, lorsque vos \u00e9quipes de projet t\u00e9l\u00e9chargent des photos du terrain, celles-ci peuvent \u00eatre automatiquement \u00e9tiquet\u00e9es et rattach\u00e9es au bon projet dans LogAlto presque instantan\u00e9ment.<\/p><p>Commencez d\u00e8s aujourd'hui \u00e0 utiliser ADRA Source et ses puissantes int\u00e9grations.<\/p>\t\t\t\t\t\t\t\t<\/div>\n\t\t\t\t<\/div>\n\t\t\t\t<div class=\"elementor-element elementor-element-7646c76 elementor-widget elementor-widget-spacer\" data-id=\"7646c76\" data-element_type=\"widget\" data-e-type=\"widget\" data-widget_type=\"spacer.default\">\n\t\t\t\t<div class=\"elementor-widget-container\">\n\t\t\t\t\t\t\t<div class=\"elementor-spacer\">\n\t\t\t<div class=\"elementor-spacer-inner\"><\/div>\n\t\t<\/div>\n\t\t\t\t\t\t<\/div>\n\t\t\t\t<\/div>\n\t\t\t\t\t<\/div>\n\t\t<\/div>\n\t\t\t\t\t<\/div>\n\t\t<\/section>\n\t\t\t\t<section data-particle_enable=\"false\" data-particle-mobile-disabled=\"false\" class=\"elementor-section elementor-top-section elementor-element elementor-element-6d14ac5c elementor-section-boxed elementor-section-height-default elementor-section-height-default\" data-id=\"6d14ac5c\" data-element_type=\"section\" data-e-type=\"section\" data-settings=\"{&quot;background_background&quot;:&quot;classic&quot;}\">\n\t\t\t\t\t\t\t<div class=\"elementor-background-overlay\"><\/div>\n\t\t\t\t\t\t\t<div class=\"elementor-container elementor-column-gap-default\">\n\t\t\t\t\t<div class=\"elementor-column elementor-col-50 elementor-top-column elementor-element elementor-element-4efb457c\" data-id=\"4efb457c\" data-element_type=\"column\" data-e-type=\"column\">\n\t\t\t<div class=\"elementor-widget-wrap elementor-element-populated\">\n\t\t\t\t\t\t<div class=\"elementor-element elementor-element-204c6f70 elementor-widget elementor-widget-spacer\" data-id=\"204c6f70\" data-element_type=\"widget\" data-e-type=\"widget\" data-widget_type=\"spacer.default\">\n\t\t\t\t<div class=\"elementor-widget-container\">\n\t\t\t\t\t\t\t<div class=\"elementor-spacer\">\n\t\t\t<div class=\"elementor-spacer-inner\"><\/div>\n\t\t<\/div>\n\t\t\t\t\t\t<\/div>\n\t\t\t\t<\/div>\n\t\t\t\t<div class=\"elementor-element elementor-element-d19b729 elementor-widget elementor-widget-heading\" data-id=\"d19b729\" data-element_type=\"widget\" data-e-type=\"widget\" data-widget_type=\"heading.default\">\n\t\t\t\t<div class=\"elementor-widget-container\">\n\t\t\t\t\t<h2 class=\"elementor-heading-title elementor-size-default\">S'abonner \u00e0<\/h2>\t\t\t\t<\/div>\n\t\t\t\t<\/div>\n\t\t\t\t<div class=\"elementor-element elementor-element-5e119857 elementor-widget elementor-widget-spacer\" data-id=\"5e119857\" data-element_type=\"widget\" data-e-type=\"widget\" data-widget_type=\"spacer.default\">\n\t\t\t\t<div class=\"elementor-widget-container\">\n\t\t\t\t\t\t\t<div class=\"elementor-spacer\">\n\t\t\t<div class=\"elementor-spacer-inner\"><\/div>\n\t\t<\/div>\n\t\t\t\t\t\t<\/div>\n\t\t\t\t<\/div>\n\t\t\t\t<div class=\"elementor-element elementor-element-5424776d elementor-widget elementor-widget-text-editor\" data-id=\"5424776d\" data-element_type=\"widget\" data-e-type=\"widget\" data-widget_type=\"text-editor.default\">\n\t\t\t\t<div class=\"elementor-widget-container\">\n\t\t\t\t\t\t\t\t\t<p>Abonnez-vous pour recevoir gratuitement des conseils, des tutoriels et des informations sur ADRA Source.<\/p>\t\t\t\t\t\t\t\t<\/div>\n\t\t\t\t<\/div>\n\t\t\t\t<div class=\"elementor-element elementor-element-164545a4 elementor-hidden-mobile elementor-widget elementor-widget-spacer\" data-id=\"164545a4\" data-element_type=\"widget\" data-e-type=\"widget\" data-widget_type=\"spacer.default\">\n\t\t\t\t<div class=\"elementor-widget-container\">\n\t\t\t\t\t\t\t<div class=\"elementor-spacer\">\n\t\t\t<div class=\"elementor-spacer-inner\"><\/div>\n\t\t<\/div>\n\t\t\t\t\t\t<\/div>\n\t\t\t\t<\/div>\n\t\t\t\t\t<\/div>\n\t\t<\/div>\n\t\t\t\t<div class=\"elementor-column elementor-col-50 elementor-top-column elementor-element elementor-element-6c89458f\" data-id=\"6c89458f\" data-element_type=\"column\" data-e-type=\"column\">\n\t\t\t<div class=\"elementor-widget-wrap elementor-element-populated\">\n\t\t\t\t\t\t<div class=\"elementor-element elementor-element-1f1e4a0f elementor-align-justify elementor-mobile-align-left elementor-widget elementor-widget-button\" data-id=\"1f1e4a0f\" data-element_type=\"widget\" data-e-type=\"widget\" data-widget_type=\"button.default\">\n\t\t\t\t<div class=\"elementor-widget-container\">\n\t\t\t\t\t\t\t\t\t<div class=\"elementor-button-wrapper\">\n\t\t\t\t\t<a class=\"elementor-button elementor-button-link elementor-size-md\" href=\"https:\/\/econnect.adrasource.org\/subscribe-adrasource\/\">\n\t\t\t\t\t\t<span class=\"elementor-button-content-wrapper\">\n\t\t\t\t\t\t\t\t\t<span class=\"elementor-button-text\">S'ABONNER MAINTENANT<\/span>\n\t\t\t\t\t<\/span>\n\t\t\t\t\t<\/a>\n\t\t\t\t<\/div>\n\t\t\t\t\t\t\t\t<\/div>\n\t\t\t\t<\/div>\n\t\t\t\t\t<\/div>\n\t\t<\/div>\n\t\t\t\t\t<\/div>\n\t\t<\/section>\n\t\t\t\t<\/div>","protected":false},"excerpt":{"rendered":"<p>INTEGRATION Skip the double handling of data and duplication of effort through ADRA Source&#8217;s integrated suite of tools. Integration is at the heart of ADRA Source. Without it, even the best apps and technology solutions will require double handling of data and duplication of effort that can become a burden to any organisation. Because ADRA [&hellip;]<\/p>\n","protected":false},"author":27,"featured_media":20853,"parent":20622,"menu_order":1,"comment_status":"closed","ping_status":"closed","template":"","meta":{"_acf_changed":false,"footnotes":""},"class_list":["post-22477","page","type-page","status-publish","has-post-thumbnail","hentry"],"acf":[],"_links":{"self":[{"href":"https:\/\/adrasource.org\/fr\/wp-json\/wp\/v2\/pages\/22477","targetHints":{"allow":["GET"]}}],"collection":[{"href":"https:\/\/adrasource.org\/fr\/wp-json\/wp\/v2\/pages"}],"about":[{"href":"https:\/\/adrasource.org\/fr\/wp-json\/wp\/v2\/types\/page"}],"author":[{"embeddable":true,"href":"https:\/\/adrasource.org\/fr\/wp-json\/wp\/v2\/users\/27"}],"replies":[{"embeddable":true,"href":"https:\/\/adrasource.org\/fr\/wp-json\/wp\/v2\/comments?post=22477"}],"version-history":[{"count":43,"href":"https:\/\/adrasource.org\/fr\/wp-json\/wp\/v2\/pages\/22477\/revisions"}],"predecessor-version":[{"id":25039,"href":"https:\/\/adrasource.org\/fr\/wp-json\/wp\/v2\/pages\/22477\/revisions\/25039"}],"up":[{"embeddable":true,"href":"https:\/\/adrasource.org\/fr\/wp-json\/wp\/v2\/pages\/20622"}],"wp:featuredmedia":[{"embeddable":true,"href":"https:\/\/adrasource.org\/fr\/wp-json\/wp\/v2\/media\/20853"}],"wp:attachment":[{"href":"https:\/\/adrasource.org\/fr\/wp-json\/wp\/v2\/media?parent=22477"}],"curies":[{"name":"wp","href":"https:\/\/api.w.org\/{rel}","templated":true}]}}